{"id":8812,"date":"2022-04-27T15:56:09","date_gmt":"2022-04-27T08:56:09","guid":{"rendered":"https:\/\/comestek.com\/?page_id=8812"},"modified":"2022-04-27T16:04:27","modified_gmt":"2022-04-27T09:04:27","slug":"project-management","status":"publish","type":"page","link":"https:\/\/comestek.com\/vi\/tim-kiem-tai-nang-comestek\/dang-tin-tuyen-dung\/cong-nghe-thong-tin\/project-management\/","title":{"rendered":"Project Management"},"content":{"rendered":"\t\t<div data-elementor-type=\"wp-page\" data-elementor-id=\"8812\" class=\"elementor elementor-8812\" data-elementor-settings=\"[]\">\n\t\t\t\t\t\t\t<div class=\"elementor-section-wrap\">\n\t\t\t\t\t\t\t<section class=\"elementor-section elementor-top-section elementor-element elementor-element-2495d926 elementor-section-boxed elementor-section-height-default elementor-section-height-default\" data-id=\"2495d926\" data-element_type=\"section\">\n\t\t\t\t\t\t<div class=\"elementor-container elementor-column-gap-default\">\n\t\t\t\t\t<div class=\"elementor-column elementor-col-100 elementor-top-column elementor-element elementor-element-7b15a567 ot-flex-column-vertical\" data-id=\"7b15a567\" data-element_type=\"column\">\n\t\t\t<div class=\"elementor-widget-wrap elementor-element-populated\">\n\t\t\t\t\t\t\t\t<div class=\"elementor-element elementor-element-4eb596d1 elementor-widget elementor-widget-spacer\" data-id=\"4eb596d1\" data-element_type=\"widget\" data-widget_type=\"spacer.default\">\n\t\t\t\t<div class=\"elementor-widget-container\">\n\t\t\t\t\t<div class=\"elementor-spacer\">\n\t\t\t<div class=\"elementor-spacer-inner\"><\/div>\n\t\t<\/div>\n\t\t\t\t<\/div>\n\t\t\t\t<\/div>\n\t\t\t\t<div class=\"elementor-element elementor-element-4e9f922c elementor-widget elementor-widget-text-editor\" data-id=\"4e9f922c\" data-element_type=\"widget\" data-widget_type=\"text-editor.default\">\n\t\t\t\t<div class=\"elementor-widget-container\">\n\t\t\t\t\t\t\t<h2><b>Project management<\/b><\/h2><p><span style=\"font-weight: 400;\">Website: <\/span><a href=\"https:\/\/planetsandbox.io\/\"><span style=\"font-weight: 400;\">https:\/\/planetsandbox.io\/<\/span><\/a><\/p><p><span style=\"font-weight: 400;\">\u0110\u1ecba ch\u1ec9:<\/span><span style=\"font-weight: 400;\"> t\u1ea7ng 16, s\u1ed1 6 ng\u00f5 82 Duy T\u00e2n.l, H\u00e0 N\u1ed9i. t\u00f2a nh\u00e0 Hl<\/span><\/p><p><b>3 L\u00fd Do \u0110\u1ec3 Gia Nh\u1eadp C\u00f4ng Ty<\/b><\/p><ul><li style=\"font-weight: 400;\" aria-level=\"1\"><span style=\"font-weight: 400;\">Highly competitive salary and compensation package<\/span><\/li><li style=\"font-weight: 400;\" aria-level=\"1\"><span style=\"font-weight: 400;\">International exposure opportunities<\/span><\/li><li style=\"font-weight: 400;\" aria-level=\"1\"><span style=\"font-weight: 400;\">Work on the cutting-edge technology<\/span><\/li><\/ul><p><b>M\u00f4 T\u1ea3 C\u00f4ng Vi\u1ec7c<\/b><\/p><p><span style=\"font-weight: 400;\">We are working on game development for big European and American companies. We are looking for an experienced Producer whose main responsibilities are:<\/span><\/p><ul><li style=\"font-weight: 400;\" aria-level=\"1\"><span style=\"font-weight: 400;\">Manage large internal teams for full game development and live operations<\/span><\/li><li style=\"font-weight: 400;\" aria-level=\"1\"><span style=\"font-weight: 400;\">Create general and detailed specifications<\/span><\/li><li style=\"font-weight: 400;\" aria-level=\"1\"><span style=\"font-weight: 400;\">Manage the team and deliveries<\/span><\/li><li style=\"font-weight: 400;\" aria-level=\"1\"><span style=\"font-weight: 400;\">Define the product pipeline and releases<\/span><\/li><li style=\"font-weight: 400;\" aria-level=\"1\"><span style=\"font-weight: 400;\">Prioritize feature improvements targeted at specific metrics improvement<\/span><\/li><li style=\"font-weight: 400;\" aria-level=\"1\"><span style=\"font-weight: 400;\">Help the team with any technical issue they may have<\/span><\/li><li style=\"font-weight: 400;\" aria-level=\"1\"><span style=\"font-weight: 400;\">Control the technical quality and coding best practices of the project<\/span><\/li><li style=\"font-weight: 400;\" aria-level=\"1\"><span style=\"font-weight: 400;\">Plan the work with the team<\/span><\/li><li style=\"font-weight: 400;\" aria-level=\"1\"><span style=\"font-weight: 400;\">Clear communication and report in English<\/span><\/li><\/ul><p><b>Y\u00eau C\u1ea7u C\u00f4ng Vi\u1ec7c<\/b><\/p><ul><li style=\"font-weight: 400;\" aria-level=\"1\"><span style=\"font-weight: 400;\">Bachelor\u2019s degree in Computer Science or equivalent experience<\/span><\/li><li style=\"font-weight: 400;\" aria-level=\"1\"><span style=\"font-weight: 400;\">At least 2 years of professional experience in development<\/span><\/li><li style=\"font-weight: 400;\" aria-level=\"1\"><span style=\"font-weight: 400;\">At least 5 years of professional experience in project management<\/span><\/li><li style=\"font-weight: 400;\" aria-level=\"1\"><span style=\"font-weight: 400;\">Strong experience in working with the Apple store and Google Play Store<\/span><\/li><li style=\"font-weight: 400;\" aria-level=\"1\"><span style=\"font-weight: 400;\">Proven experience in releasing mobile game titles on the market<\/span><\/li><li style=\"font-weight: 400;\" aria-level=\"1\"><span style=\"font-weight: 400;\">Strong command of English<\/span><\/li><li style=\"font-weight: 400;\" aria-level=\"1\"><span style=\"font-weight: 400;\">Ability to work under pressure, independently and within a team<\/span><\/li><li style=\"font-weight: 400;\" aria-level=\"1\"><span style=\"font-weight: 400;\">Great attitude and work ethic<\/span><\/li><\/ul><p><b>Advantages<\/b><\/p><ul><li style=\"font-weight: 400;\" aria-level=\"1\"><span style=\"font-weight: 400;\">Having knowledge in C#, Java or C++<\/span><\/li><li style=\"font-weight: 400;\" aria-level=\"1\"><span style=\"font-weight: 400;\">Having knowledge in Unity<\/span><\/li><li style=\"font-weight: 400;\" aria-level=\"1\"><span style=\"font-weight: 400;\">Knowledge and experience using versioning tools: SVN \/ GIT<\/span><\/li><li style=\"font-weight: 400;\" aria-level=\"1\"><span style=\"font-weight: 400;\">Management experience on big scale projects<\/span><\/li><\/ul><p><b>T\u1ea1i Sao B\u1ea1n S\u1ebd Y\u00eau Th\u00edch L\u00e0m Vi\u1ec7c T\u1ea1i \u0110\u00e2y<\/b><\/p><ul><li style=\"font-weight: 400;\" aria-level=\"1\"><span style=\"font-weight: 400;\">Chance to work on big game development projects.<\/span><\/li><li style=\"font-weight: 400;\" aria-level=\"1\"><span style=\"font-weight: 400;\">Chance to work closely with both experienced Vietnamese and foreign experts.<\/span><\/li><li style=\"font-weight: 400;\" aria-level=\"1\"><span style=\"font-weight: 400;\">Attractive salary and benefits, international, fun and professional working environment<\/span><\/li><\/ul>\t\t\t\t\t\t<\/div>\n\t\t\t\t<\/div>\n\t\t\t\t<div class=\"elementor-element elementor-element-6ea7a619 elementor-widget elementor-widget-ibutton\" data-id=\"6ea7a619\" data-element_type=\"widget\" data-widget_type=\"ibutton.default\">\n\t\t\t\t<div class=\"elementor-widget-container\">\n\t\t\t\t\t<div class=\"ot-button\">\r\n\t\t\t<a href=\"https:\/\/docs.google.com\/forms\/d\/e\/1FAIpQLSeB9-anm-3qeZoZsS7Pu9ISGgME5gzwKoR1SEhRVdu-C_AiIw\/viewform\" class=\"octf-btn octf-btn-primary octf-btn-icon\"><span>\u1ee8ng Tuy\u1ec3n<\/span> \r\n\t\t\t\t<i aria-hidden=\"true\" class=\"fas fa-upload\"><\/i>\t\t\t<\/a>\r\n\t    <\/div>\r\n\t    \t\t<\/div>\n\t\t\t\t<\/div>\n\t\t\t\t\t<\/div>\n\t\t<\/div>\n\t\t\t\t\t\t\t<\/div>\n\t\t<\/section>\n\t\t\t\t<section class=\"elementor-section elementor-top-section elementor-element elementor-element-77619b7 elementor-section-boxed elementor-section-height-default elementor-section-height-default\" data-id=\"77619b7\" data-element_type=\"section\">\n\t\t\t\t\t\t<div class=\"elementor-container elementor-column-gap-default\">\n\t\t\t\t\t<div class=\"elementor-column elementor-col-100 elementor-top-column elementor-element elementor-element-a5d8450 ot-flex-column-vertical\" data-id=\"a5d8450\" data-element_type=\"column\">\n\t\t\t<div class=\"elementor-widget-wrap elementor-element-populated\">\n\t\t\t\t\t\t\t\t<div class=\"elementor-element elementor-element-59c3591 elementor-widget elementor-widget-spacer\" data-id=\"59c3591\" data-element_type=\"widget\" data-widget_type=\"spacer.default\">\n\t\t\t\t<div class=\"elementor-widget-container\">\n\t\t\t\t\t<div class=\"elementor-spacer\">\n\t\t\t<div class=\"elementor-spacer-inner\"><\/div>\n\t\t<\/div>\n\t\t\t\t<\/div>\n\t\t\t\t<\/div>\n\t\t\t\t\t<\/div>\n\t\t<\/div>\n\t\t\t\t\t\t\t<\/div>\n\t\t<\/section>\n\t\t\t\t\t\t<\/div>\n\t\t\t\t\t<\/div>\n\t\t","protected":false},"excerpt":{"rendered":"<p>Project management Website: https:\/\/planetsandbox.io\/ \u0110\u1ecba ch\u1ec9: t\u1ea7ng 16, s\u1ed1 6 ng\u00f5 82 Duy T\u00e2n.l, H\u00e0 N\u1ed9i. t\u00f2a nh\u00e0 Hl 3 L\u00fd Do \u0110\u1ec3 Gia Nh\u1eadp C\u00f4ng Ty Highly competitive salary and compensation package International exposure opportunities Work on the cutting-edge technology M\u00f4 T\u1ea3 C\u00f4ng Vi\u1ec7c We are working on game development for big European and [&hellip;]<\/p>\n","protected":false},"author":3,"featured_media":0,"parent":8466,"menu_order":0,"comment_status":"closed","ping_status":"closed","template":"","meta":[],"yoast_head":"<!-- This site is optimized with the Yoast SEO plugin v18.1 - https:\/\/yoast.com\/wordpress\/plugins\/seo\/ -->\n<title>Project Management - ComesTek Solution<\/title>\n<meta name=\"robots\" content=\"index, follow, max-snippet:-1, max-image-preview:large, max-video-preview:-1\" \/>\n<link rel=\"canonical\" href=\"https:\/\/comestek.com\/vi\/tim-kiem-tai-nang-comestek\/dang-tin-tuyen-dung\/cong-nghe-thong-tin\/project-management\/\" \/>\n<meta property=\"og:locale\" content=\"vi_VN\" \/>\n<meta property=\"og:type\" content=\"article\" \/>\n<meta property=\"og:title\" content=\"Project Management - ComesTek Solution\" \/>\n<meta property=\"og:description\" content=\"Project management Website: https:\/\/planetsandbox.io\/ \u0110\u1ecba ch\u1ec9: t\u1ea7ng 16, s\u1ed1 6 ng\u00f5 82 Duy T\u00e2n.l, H\u00e0 N\u1ed9i. t\u00f2a nh\u00e0 Hl 3 L\u00fd Do \u0110\u1ec3 Gia Nh\u1eadp C\u00f4ng Ty Highly competitive salary and compensation package International exposure opportunities Work on the cutting-edge technology M\u00f4 T\u1ea3 C\u00f4ng Vi\u1ec7c We are working on game development for big European and [&hellip;]\" \/>\n<meta property=\"og:url\" content=\"https:\/\/comestek.com\/vi\/tim-kiem-tai-nang-comestek\/dang-tin-tuyen-dung\/cong-nghe-thong-tin\/project-management\/\" \/>\n<meta property=\"og:site_name\" content=\"ComesTek Solution\" \/>\n<meta property=\"article:modified_time\" content=\"2022-04-27T09:04:27+00:00\" \/>\n<meta property=\"og:image\" content=\"https:\/\/comestek.com\/wp-content\/uploads\/2021\/09\/cropped-COMESTEK_LOGO-03.png\" \/>\n\t<meta property=\"og:image:width\" content=\"512\" \/>\n\t<meta property=\"og:image:height\" content=\"512\" \/>\n\t<meta property=\"og:image:type\" content=\"image\/png\" \/>\n<meta name=\"twitter:card\" content=\"summary_large_image\" \/>\n<meta name=\"twitter:label1\" content=\"Est. reading time\" \/>\n\t<meta name=\"twitter:data1\" content=\"2 minutes\" \/>\n<script type=\"application\/ld+json\" class=\"yoast-schema-graph\">{\"@context\":\"https:\/\/schema.org\",\"@graph\":[{\"@type\":\"Organization\",\"@id\":\"https:\/\/comestek.com\/#organization\",\"name\":\"ComesTek Solution\",\"url\":\"https:\/\/comestek.com\/\",\"sameAs\":[],\"logo\":{\"@type\":\"ImageObject\",\"@id\":\"https:\/\/comestek.com\/#logo\",\"inLanguage\":\"vi-VN\",\"url\":\"https:\/\/comestek.com\/wp-content\/uploads\/2021\/09\/cropped-COMESTEK_LOGO-03.png\",\"contentUrl\":\"https:\/\/comestek.com\/wp-content\/uploads\/2021\/09\/cropped-COMESTEK_LOGO-03.png\",\"width\":512,\"height\":512,\"caption\":\"ComesTek Solution\"},\"image\":{\"@id\":\"https:\/\/comestek.com\/#logo\"}},{\"@type\":\"WebSite\",\"@id\":\"https:\/\/comestek.com\/#website\",\"url\":\"https:\/\/comestek.com\/\",\"name\":\"ComesTek Solution\",\"description\":\"Connect &amp; Companion\",\"publisher\":{\"@id\":\"https:\/\/comestek.com\/#organization\"},\"potentialAction\":[{\"@type\":\"SearchAction\",\"target\":{\"@type\":\"EntryPoint\",\"urlTemplate\":\"https:\/\/comestek.com\/?s={search_term_string}\"},\"query-input\":\"required name=search_term_string\"}],\"inLanguage\":\"vi-VN\"},{\"@type\":\"WebPage\",\"@id\":\"https:\/\/comestek.com\/vi\/tim-kiem-tai-nang-comestek\/dang-tin-tuyen-dung\/cong-nghe-thong-tin\/project-management\/#webpage\",\"url\":\"https:\/\/comestek.com\/vi\/tim-kiem-tai-nang-comestek\/dang-tin-tuyen-dung\/cong-nghe-thong-tin\/project-management\/\",\"name\":\"Project Management - ComesTek Solution\",\"isPartOf\":{\"@id\":\"https:\/\/comestek.com\/#website\"},\"datePublished\":\"2022-04-27T08:56:09+00:00\",\"dateModified\":\"2022-04-27T09:04:27+00:00\",\"breadcrumb\":{\"@id\":\"https:\/\/comestek.com\/vi\/tim-kiem-tai-nang-comestek\/dang-tin-tuyen-dung\/cong-nghe-thong-tin\/project-management\/#breadcrumb\"},\"inLanguage\":\"vi-VN\",\"potentialAction\":[{\"@type\":\"ReadAction\",\"target\":[\"https:\/\/comestek.com\/vi\/tim-kiem-tai-nang-comestek\/dang-tin-tuyen-dung\/cong-nghe-thong-tin\/project-management\/\"]}]},{\"@type\":\"BreadcrumbList\",\"@id\":\"https:\/\/comestek.com\/vi\/tim-kiem-tai-nang-comestek\/dang-tin-tuyen-dung\/cong-nghe-thong-tin\/project-management\/#breadcrumb\",\"itemListElement\":[{\"@type\":\"ListItem\",\"position\":1,\"name\":\"Home\",\"item\":\"https:\/\/comestek.com\/vi\/\"},{\"@type\":\"ListItem\",\"position\":2,\"name\":\"T\u00ecm Ki\u1ebfm T\u00e0i N\u0103ng\",\"item\":\"https:\/\/comestek.com\/comestalent\/\"},{\"@type\":\"ListItem\",\"position\":3,\"name\":\"\u0110\u0103ng Tin Tuy\u1ec3n D\u1ee5ng\",\"item\":\"https:\/\/comestek.com\/comestalent\/recruitment-post-online\/\"},{\"@type\":\"ListItem\",\"position\":4,\"name\":\"C\u00f4ng Ngh\u1ec7 Th\u00f4ng Tin\",\"item\":\"https:\/\/comestek.com\/vi\/tim-kiem-tai-nang-comestek\/dang-tin-tuyen-dung\/cong-nghe-thong-tin\/\"},{\"@type\":\"ListItem\",\"position\":5,\"name\":\"Project Management\"}]}]}<\/script>\n<!-- \/ Yoast SEO plugin. -->","yoast_head_json":{"title":"Project Management - ComesTek Solution","robots":{"index":"index","follow":"follow","max-snippet":"max-snippet:-1","max-image-preview":"max-image-preview:large","max-video-preview":"max-video-preview:-1"},"canonical":"https:\/\/comestek.com\/vi\/tim-kiem-tai-nang-comestek\/dang-tin-tuyen-dung\/cong-nghe-thong-tin\/project-management\/","og_locale":"vi_VN","og_type":"article","og_title":"Project Management - ComesTek Solution","og_description":"Project management Website: https:\/\/planetsandbox.io\/ \u0110\u1ecba ch\u1ec9: t\u1ea7ng 16, s\u1ed1 6 ng\u00f5 82 Duy T\u00e2n.l, H\u00e0 N\u1ed9i. t\u00f2a nh\u00e0 Hl 3 L\u00fd Do \u0110\u1ec3 Gia Nh\u1eadp C\u00f4ng Ty Highly competitive salary and compensation package International exposure opportunities Work on the cutting-edge technology M\u00f4 T\u1ea3 C\u00f4ng Vi\u1ec7c We are working on game development for big European and [&hellip;]","og_url":"https:\/\/comestek.com\/vi\/tim-kiem-tai-nang-comestek\/dang-tin-tuyen-dung\/cong-nghe-thong-tin\/project-management\/","og_site_name":"ComesTek Solution","article_modified_time":"2022-04-27T09:04:27+00:00","og_image":[{"width":512,"height":512,"url":"https:\/\/comestek.com\/wp-content\/uploads\/2021\/09\/cropped-COMESTEK_LOGO-03.png","type":"image\/png"}],"twitter_card":"summary_large_image","twitter_misc":{"Est. reading time":"2 minutes"},"schema":{"@context":"https:\/\/schema.org","@graph":[{"@type":"Organization","@id":"https:\/\/comestek.com\/#organization","name":"ComesTek Solution","url":"https:\/\/comestek.com\/","sameAs":[],"logo":{"@type":"ImageObject","@id":"https:\/\/comestek.com\/#logo","inLanguage":"vi-VN","url":"https:\/\/comestek.com\/wp-content\/uploads\/2021\/09\/cropped-COMESTEK_LOGO-03.png","contentUrl":"https:\/\/comestek.com\/wp-content\/uploads\/2021\/09\/cropped-COMESTEK_LOGO-03.png","width":512,"height":512,"caption":"ComesTek Solution"},"image":{"@id":"https:\/\/comestek.com\/#logo"}},{"@type":"WebSite","@id":"https:\/\/comestek.com\/#website","url":"https:\/\/comestek.com\/","name":"ComesTek Solution","description":"Connect &amp; Companion","publisher":{"@id":"https:\/\/comestek.com\/#organization"},"potentialAction":[{"@type":"SearchAction","target":{"@type":"EntryPoint","urlTemplate":"https:\/\/comestek.com\/?s={search_term_string}"},"query-input":"required name=search_term_string"}],"inLanguage":"vi-VN"},{"@type":"WebPage","@id":"https:\/\/comestek.com\/vi\/tim-kiem-tai-nang-comestek\/dang-tin-tuyen-dung\/cong-nghe-thong-tin\/project-management\/#webpage","url":"https:\/\/comestek.com\/vi\/tim-kiem-tai-nang-comestek\/dang-tin-tuyen-dung\/cong-nghe-thong-tin\/project-management\/","name":"Project Management - ComesTek Solution","isPartOf":{"@id":"https:\/\/comestek.com\/#website"},"datePublished":"2022-04-27T08:56:09+00:00","dateModified":"2022-04-27T09:04:27+00:00","breadcrumb":{"@id":"https:\/\/comestek.com\/vi\/tim-kiem-tai-nang-comestek\/dang-tin-tuyen-dung\/cong-nghe-thong-tin\/project-management\/#breadcrumb"},"inLanguage":"vi-VN","potentialAction":[{"@type":"ReadAction","target":["https:\/\/comestek.com\/vi\/tim-kiem-tai-nang-comestek\/dang-tin-tuyen-dung\/cong-nghe-thong-tin\/project-management\/"]}]},{"@type":"BreadcrumbList","@id":"https:\/\/comestek.com\/vi\/tim-kiem-tai-nang-comestek\/dang-tin-tuyen-dung\/cong-nghe-thong-tin\/project-management\/#breadcrumb","itemListElement":[{"@type":"ListItem","position":1,"name":"Home","item":"https:\/\/comestek.com\/vi\/"},{"@type":"ListItem","position":2,"name":"T\u00ecm Ki\u1ebfm T\u00e0i N\u0103ng","item":"https:\/\/comestek.com\/comestalent\/"},{"@type":"ListItem","position":3,"name":"\u0110\u0103ng Tin Tuy\u1ec3n D\u1ee5ng","item":"https:\/\/comestek.com\/comestalent\/recruitment-post-online\/"},{"@type":"ListItem","position":4,"name":"C\u00f4ng Ngh\u1ec7 Th\u00f4ng Tin","item":"https:\/\/comestek.com\/vi\/tim-kiem-tai-nang-comestek\/dang-tin-tuyen-dung\/cong-nghe-thong-tin\/"},{"@type":"ListItem","position":5,"name":"Project Management"}]}]}},"_links":{"self":[{"href":"https:\/\/comestek.com\/vi\/wp-json\/wp\/v2\/pages\/8812"}],"collection":[{"href":"https:\/\/comestek.com\/vi\/wp-json\/wp\/v2\/pages"}],"about":[{"href":"https:\/\/comestek.com\/vi\/wp-json\/wp\/v2\/types\/page"}],"author":[{"embeddable":true,"href":"https:\/\/comestek.com\/vi\/wp-json\/wp\/v2\/users\/3"}],"replies":[{"embeddable":true,"href":"https:\/\/comestek.com\/vi\/wp-json\/wp\/v2\/comments?post=8812"}],"version-history":[{"count":3,"href":"https:\/\/comestek.com\/vi\/wp-json\/wp\/v2\/pages\/8812\/revisions"}],"predecessor-version":[{"id":8831,"href":"https:\/\/comestek.com\/vi\/wp-json\/wp\/v2\/pages\/8812\/revisions\/8831"}],"up":[{"embeddable":true,"href":"https:\/\/comestek.com\/vi\/wp-json\/wp\/v2\/pages\/8466"}],"wp:attachment":[{"href":"https:\/\/comestek.com\/vi\/wp-json\/wp\/v2\/media?parent=8812"}],"curies":[{"name":"wp","href":"https:\/\/api.w.org\/{rel}","templated":true}]}}