{"id":8797,"date":"2022-04-27T15:44:45","date_gmt":"2022-04-27T08:44:45","guid":{"rendered":"https:\/\/comestek.com\/?page_id=8797"},"modified":"2022-04-27T15:51:42","modified_gmt":"2022-04-27T08:51:42","slug":"2d-artist","status":"publish","type":"page","link":"https:\/\/comestek.com\/vi\/tim-kiem-tai-nang-comestek\/dang-tin-tuyen-dung\/cong-nghe-thong-tin\/2d-artist\/","title":{"rendered":"2D Artist"},"content":{"rendered":"\t\t<div data-elementor-type=\"wp-page\" data-elementor-id=\"8797\" class=\"elementor elementor-8797\" data-elementor-settings=\"[]\">\n\t\t\t\t\t\t\t<div class=\"elementor-section-wrap\">\n\t\t\t\t\t\t\t<section class=\"elementor-section elementor-top-section elementor-element elementor-element-36f0f0de elementor-section-boxed elementor-section-height-default elementor-section-height-default\" data-id=\"36f0f0de\" data-element_type=\"section\">\n\t\t\t\t\t\t<div class=\"elementor-container elementor-column-gap-default\">\n\t\t\t\t\t<div class=\"elementor-column elementor-col-100 elementor-top-column elementor-element elementor-element-6eb6639a ot-flex-column-vertical\" data-id=\"6eb6639a\" data-element_type=\"column\">\n\t\t\t<div class=\"elementor-widget-wrap elementor-element-populated\">\n\t\t\t\t\t\t\t\t<div class=\"elementor-element elementor-element-2da014bd elementor-widget elementor-widget-spacer\" data-id=\"2da014bd\" data-element_type=\"widget\" data-widget_type=\"spacer.default\">\n\t\t\t\t<div class=\"elementor-widget-container\">\n\t\t\t\t\t<div class=\"elementor-spacer\">\n\t\t\t<div class=\"elementor-spacer-inner\"><\/div>\n\t\t<\/div>\n\t\t\t\t<\/div>\n\t\t\t\t<\/div>\n\t\t\t\t<div class=\"elementor-element elementor-element-763b5e89 elementor-widget elementor-widget-text-editor\" data-id=\"763b5e89\" data-element_type=\"widget\" data-widget_type=\"text-editor.default\">\n\t\t\t\t<div class=\"elementor-widget-container\">\n\t\t\t\t\t\t\t<h5><b>Company: BSoft<\/b><\/h5><p><b>Address:<\/b><\/p><p><span style=\"font-weight: 400;\">\u00a0T\u00f2a nh\u00e0 L\u00ea Xu\u00e2n B5-D7, ng\u00f5 25 Th\u1ecd Th\u00e1p C\u1ea7u Gi\u1ea5y, H\u00e0 N\u1ed9i<\/span><\/p><h2><b>2D ARTIST\u00a0<\/b><\/h2><p><b>\u00a0M\u00d4 T\u1ea2 C\u00d4NG VI\u1ec6C<\/b><\/p><ul><li style=\"font-weight: 400;\" aria-level=\"1\"><p><span style=\"font-weight: 400;\">X\u00e2y d\u1ef1ng \u00fd t\u01b0\u1edfng, thi\u1ebft k\u1ebf UI\/UX cho game;<\/span><\/p><\/li><li style=\"font-weight: 400;\" aria-level=\"1\"><p><span style=\"font-weight: 400;\">Thi\u1ebft k\u1ebf nh\u00e2n v\u1eadt, m\u00f4i tr\u01b0\u1eddng\u2026.. trong Game<\/span><\/p><\/li><\/ul><ul><li aria-level=\"1\"><p><b>Y\u00caU C\u1ea6U<\/b><\/p><\/li><\/ul><ul><li style=\"font-weight: 400;\" aria-level=\"1\"><p><span style=\"font-weight: 400;\">Th\u00e0nh th\u1ee5c k\u1ef9 n\u0103ng PTS ( \u0111\u1eb7c bi\u1ec7t l\u00e0 Illustrator v\u00e0 XD ).<\/span><\/p><\/li><li style=\"font-weight: 400;\" aria-level=\"1\"><p><span style=\"font-weight: 400;\">C\u00f3 kh\u1ea3 n\u0103ng v\u1ebd tay l\u00e0 1 l\u1ee3i th\u1ebf.<\/span><\/p><\/li><li style=\"font-weight: 400;\" aria-level=\"1\"><p><span style=\"font-weight: 400;\">C\u00f3 hi\u1ec3u bi\u1ebft v\u1ec1 t\u01b0 duy ph\u1ed1i m\u00e0u.<\/span><\/p><\/li><li style=\"font-weight: 400;\" aria-level=\"1\"><p><span style=\"font-weight: 400;\">C\u00f3 tinh th\u1ea7n ham h\u1ecdc h\u1ecfi v\u00e0 l\u00e0m vi\u1ec7c \u0111\u1ed9c l\u1eadp.<\/span><\/p><\/li><li style=\"font-weight: 400;\" aria-level=\"1\"><p><span style=\"font-weight: 400;\">Teamwork t\u1ed1t; <\/span><span style=\"font-weight: 400;\">\u00a0<\/span><span style=\"font-weight: 400;\">\u0110am m\u00ea v\u00e0 y\u00eau th\u00edch Game.<\/span><\/p><\/li><\/ul><p>\u00a0<\/p><ul><li aria-level=\"1\"><p><b>QUY\u1ec0N L\u1ee2I<\/b><\/p><\/li><\/ul><ul><li style=\"font-weight: 400;\" aria-level=\"1\"><p><span style=\"font-weight: 400;\">M\u1ee9c l\u01b0\u01a1ng c\u1ea1nh tranh: up to 20M\/th\u00e1ng<\/span><\/p><\/li><li style=\"font-weight: 400;\" aria-level=\"1\"><p><span style=\"font-weight: 400;\">L\u01b0\u01a1ng th\u00e1ng 13 + Chia s\u1ebb tr\u1ef1c ti\u1ebfp l\u1ee3i nhu\u1eadn Game theo Qu\u00fd<\/span><\/p><\/li><li style=\"font-weight: 400;\" aria-level=\"1\"><p><span style=\"font-weight: 400;\">\u0110\u01b0\u1ee3c \u0111\u1ec1 xu\u1ea5t x\u00e9t t\u0103ng l\u01b0\u01a1ng \u0111\u1ecbnh k\u1ef3 6 th\u00e1ng 1 l\u1ea7n<\/span><\/p><\/li><li style=\"font-weight: 400;\" aria-level=\"1\"><p><span style=\"font-weight: 400;\">M\u00f4i tr\u01b0\u1eddng l\u00e0m vi\u1ec7c: tr\u1ebb trung n\u0103ng \u0111\u1ed9ng, th\u1ecfa s\u1ee9c s\u00e1ng t\u1ea1o<\/span><\/p><\/li><li style=\"font-weight: 400;\" aria-level=\"1\"><p><span style=\"font-weight: 400;\">\u0110\u01b0\u1ee3c h\u1ecdc h\u1ecfi v\u00e0 t\u00edch l\u0169y kinh nghi\u1ec7m, c\u00f3 nhi\u1ec1u c\u01a1 h\u1ed9i th\u0103ng ti\u1ebfn, ph\u00e1t tri\u1ec3n b\u1ea3n th\u00e2n, kh\u1eb3ng \u0111\u1ecbnh ch\u00ednh m\u00ecnh<\/span><\/p><\/li><li style=\"font-weight: 400;\" aria-level=\"1\"><p><span style=\"font-weight: 400;\">\u0110\u01b0\u1ee3c h\u01b0\u1edfng \u0111\u1ea7y \u0111\u1ee7 quy\u1ec1n l\u1ee3i theo quy \u0111\u1ecbnh c\u1ee7a lu\u1eadt lao \u0111\u1ed9ng v\u00e0 theo c\u01a1 ch\u1ebf c\u1ee7a c\u00f4ng ty.<\/span><\/p><\/li><li style=\"font-weight: 400;\" aria-level=\"1\"><p><span style=\"font-weight: 400;\">Th\u1eddi gian l\u00e0m vi\u1ec7c: T\u1eeb th\u1ee9 2 &#8211; th\u1ee9 6\u00a0<\/span><\/p><\/li><\/ul><p><span style=\"font-weight: 400;\">PlayStore: <\/span><a href=\"https:\/\/play.google.com\/store\/apps\/dev?id=8863961233781649606\"><span style=\"font-weight: 400;\">https:\/\/play.google.com\/store\/apps\/dev?id=8863961233781649606<\/span><\/a><\/p>\t\t\t\t\t\t<\/div>\n\t\t\t\t<\/div>\n\t\t\t\t<div class=\"elementor-element elementor-element-5fad4011 elementor-widget elementor-widget-ibutton\" data-id=\"5fad4011\" data-element_type=\"widget\" data-widget_type=\"ibutton.default\">\n\t\t\t\t<div class=\"elementor-widget-container\">\n\t\t\t\t\t<div class=\"ot-button\">\r\n\t\t\t<a href=\"https:\/\/docs.google.com\/forms\/d\/e\/1FAIpQLSeB9-anm-3qeZoZsS7Pu9ISGgME5gzwKoR1SEhRVdu-C_AiIw\/viewform\" class=\"octf-btn octf-btn-primary octf-btn-icon\"><span>\u1ee8ng Tuy\u1ec3n<\/span> \r\n\t\t\t\t<i aria-hidden=\"true\" class=\"fas fa-upload\"><\/i>\t\t\t<\/a>\r\n\t    <\/div>\r\n\t    \t\t<\/div>\n\t\t\t\t<\/div>\n\t\t\t\t\t<\/div>\n\t\t<\/div>\n\t\t\t\t\t\t\t<\/div>\n\t\t<\/section>\n\t\t\t\t<section class=\"elementor-section elementor-top-section elementor-element elementor-element-4e6fed8 elementor-section-boxed elementor-section-height-default elementor-section-height-default\" data-id=\"4e6fed8\" data-element_type=\"section\">\n\t\t\t\t\t\t<div class=\"elementor-container elementor-column-gap-default\">\n\t\t\t\t\t<div class=\"elementor-column elementor-col-100 elementor-top-column elementor-element elementor-element-a0040ce ot-flex-column-vertical\" data-id=\"a0040ce\" data-element_type=\"column\">\n\t\t\t<div class=\"elementor-widget-wrap elementor-element-populated\">\n\t\t\t\t\t\t\t\t<div class=\"elementor-element elementor-element-fa6f342 elementor-widget elementor-widget-spacer\" data-id=\"fa6f342\" data-element_type=\"widget\" data-widget_type=\"spacer.default\">\n\t\t\t\t<div class=\"elementor-widget-container\">\n\t\t\t\t\t<div class=\"elementor-spacer\">\n\t\t\t<div class=\"elementor-spacer-inner\"><\/div>\n\t\t<\/div>\n\t\t\t\t<\/div>\n\t\t\t\t<\/div>\n\t\t\t\t\t<\/div>\n\t\t<\/div>\n\t\t\t\t\t\t\t<\/div>\n\t\t<\/section>\n\t\t\t\t\t\t<\/div>\n\t\t\t\t\t<\/div>\n\t\t","protected":false},"excerpt":{"rendered":"<p>Company: BSoft Address: \u00a0T\u00f2a nh\u00e0 L\u00ea Xu\u00e2n B5-D7, ng\u00f5 25 Th\u1ecd Th\u00e1p C\u1ea7u Gi\u1ea5y, H\u00e0 N\u1ed9i 2D ARTIST\u00a0 \u00a0M\u00d4 T\u1ea2 C\u00d4NG VI\u1ec6C X\u00e2y d\u1ef1ng \u00fd t\u01b0\u1edfng, thi\u1ebft k\u1ebf UI\/UX cho game; Thi\u1ebft k\u1ebf nh\u00e2n v\u1eadt, m\u00f4i tr\u01b0\u1eddng\u2026.. trong Game Y\u00caU C\u1ea6U Th\u00e0nh th\u1ee5c k\u1ef9 n\u0103ng PTS ( \u0111\u1eb7c bi\u1ec7t l\u00e0 Illustrator v\u00e0 XD ). C\u00f3 [&hellip;]<\/p>\n","protected":false},"author":3,"featured_media":0,"parent":8466,"menu_order":0,"comment_status":"closed","ping_status":"closed","template":"","meta":[],"yoast_head":"<!-- This site is optimized with the Yoast SEO plugin v18.1 - https:\/\/yoast.com\/wordpress\/plugins\/seo\/ -->\n<title>2D Artist - ComesTek Solution<\/title>\n<meta name=\"robots\" content=\"index, follow, max-snippet:-1, max-image-preview:large, max-video-preview:-1\" \/>\n<link rel=\"canonical\" href=\"https:\/\/comestek.com\/vi\/tim-kiem-tai-nang-comestek\/dang-tin-tuyen-dung\/cong-nghe-thong-tin\/2d-artist\/\" \/>\n<meta property=\"og:locale\" content=\"vi_VN\" \/>\n<meta property=\"og:type\" content=\"article\" \/>\n<meta property=\"og:title\" content=\"2D Artist - ComesTek Solution\" \/>\n<meta property=\"og:description\" content=\"Company: BSoft Address: \u00a0T\u00f2a nh\u00e0 L\u00ea Xu\u00e2n B5-D7, ng\u00f5 25 Th\u1ecd Th\u00e1p C\u1ea7u Gi\u1ea5y, H\u00e0 N\u1ed9i 2D ARTIST\u00a0 \u00a0M\u00d4 T\u1ea2 C\u00d4NG VI\u1ec6C X\u00e2y d\u1ef1ng \u00fd t\u01b0\u1edfng, thi\u1ebft k\u1ebf UI\/UX cho game; Thi\u1ebft k\u1ebf nh\u00e2n v\u1eadt, m\u00f4i tr\u01b0\u1eddng\u2026.. trong Game Y\u00caU C\u1ea6U Th\u00e0nh th\u1ee5c k\u1ef9 n\u0103ng PTS ( \u0111\u1eb7c bi\u1ec7t l\u00e0 Illustrator v\u00e0 XD ). C\u00f3 [&hellip;]\" \/>\n<meta property=\"og:url\" content=\"https:\/\/comestek.com\/vi\/tim-kiem-tai-nang-comestek\/dang-tin-tuyen-dung\/cong-nghe-thong-tin\/2d-artist\/\" \/>\n<meta property=\"og:site_name\" content=\"ComesTek Solution\" \/>\n<meta property=\"article:modified_time\" content=\"2022-04-27T08:51:42+00:00\" \/>\n<meta property=\"og:image\" content=\"https:\/\/comestek.com\/wp-content\/uploads\/2021\/09\/cropped-COMESTEK_LOGO-03.png\" \/>\n\t<meta property=\"og:image:width\" content=\"512\" \/>\n\t<meta property=\"og:image:height\" content=\"512\" \/>\n\t<meta property=\"og:image:type\" content=\"image\/png\" \/>\n<meta name=\"twitter:card\" content=\"summary_large_image\" \/>\n<meta name=\"twitter:label1\" content=\"Est. reading time\" \/>\n\t<meta name=\"twitter:data1\" content=\"2 minutes\" \/>\n<script type=\"application\/ld+json\" class=\"yoast-schema-graph\">{\"@context\":\"https:\/\/schema.org\",\"@graph\":[{\"@type\":\"Organization\",\"@id\":\"https:\/\/comestek.com\/#organization\",\"name\":\"ComesTek Solution\",\"url\":\"https:\/\/comestek.com\/\",\"sameAs\":[],\"logo\":{\"@type\":\"ImageObject\",\"@id\":\"https:\/\/comestek.com\/#logo\",\"inLanguage\":\"vi-VN\",\"url\":\"https:\/\/comestek.com\/wp-content\/uploads\/2021\/09\/cropped-COMESTEK_LOGO-03.png\",\"contentUrl\":\"https:\/\/comestek.com\/wp-content\/uploads\/2021\/09\/cropped-COMESTEK_LOGO-03.png\",\"width\":512,\"height\":512,\"caption\":\"ComesTek Solution\"},\"image\":{\"@id\":\"https:\/\/comestek.com\/#logo\"}},{\"@type\":\"WebSite\",\"@id\":\"https:\/\/comestek.com\/#website\",\"url\":\"https:\/\/comestek.com\/\",\"name\":\"ComesTek Solution\",\"description\":\"Connect &amp; Companion\",\"publisher\":{\"@id\":\"https:\/\/comestek.com\/#organization\"},\"potentialAction\":[{\"@type\":\"SearchAction\",\"target\":{\"@type\":\"EntryPoint\",\"urlTemplate\":\"https:\/\/comestek.com\/?s={search_term_string}\"},\"query-input\":\"required name=search_term_string\"}],\"inLanguage\":\"vi-VN\"},{\"@type\":\"WebPage\",\"@id\":\"https:\/\/comestek.com\/vi\/tim-kiem-tai-nang-comestek\/dang-tin-tuyen-dung\/cong-nghe-thong-tin\/2d-artist\/#webpage\",\"url\":\"https:\/\/comestek.com\/vi\/tim-kiem-tai-nang-comestek\/dang-tin-tuyen-dung\/cong-nghe-thong-tin\/2d-artist\/\",\"name\":\"2D Artist - ComesTek Solution\",\"isPartOf\":{\"@id\":\"https:\/\/comestek.com\/#website\"},\"datePublished\":\"2022-04-27T08:44:45+00:00\",\"dateModified\":\"2022-04-27T08:51:42+00:00\",\"breadcrumb\":{\"@id\":\"https:\/\/comestek.com\/vi\/tim-kiem-tai-nang-comestek\/dang-tin-tuyen-dung\/cong-nghe-thong-tin\/2d-artist\/#breadcrumb\"},\"inLanguage\":\"vi-VN\",\"potentialAction\":[{\"@type\":\"ReadAction\",\"target\":[\"https:\/\/comestek.com\/vi\/tim-kiem-tai-nang-comestek\/dang-tin-tuyen-dung\/cong-nghe-thong-tin\/2d-artist\/\"]}]},{\"@type\":\"BreadcrumbList\",\"@id\":\"https:\/\/comestek.com\/vi\/tim-kiem-tai-nang-comestek\/dang-tin-tuyen-dung\/cong-nghe-thong-tin\/2d-artist\/#breadcrumb\",\"itemListElement\":[{\"@type\":\"ListItem\",\"position\":1,\"name\":\"Home\",\"item\":\"https:\/\/comestek.com\/vi\/\"},{\"@type\":\"ListItem\",\"position\":2,\"name\":\"T\u00ecm Ki\u1ebfm T\u00e0i N\u0103ng\",\"item\":\"https:\/\/comestek.com\/comestalent\/\"},{\"@type\":\"ListItem\",\"position\":3,\"name\":\"\u0110\u0103ng Tin Tuy\u1ec3n D\u1ee5ng\",\"item\":\"https:\/\/comestek.com\/comestalent\/recruitment-post-online\/\"},{\"@type\":\"ListItem\",\"position\":4,\"name\":\"C\u00f4ng Ngh\u1ec7 Th\u00f4ng Tin\",\"item\":\"https:\/\/comestek.com\/vi\/tim-kiem-tai-nang-comestek\/dang-tin-tuyen-dung\/cong-nghe-thong-tin\/\"},{\"@type\":\"ListItem\",\"position\":5,\"name\":\"2D Artist\"}]}]}<\/script>\n<!-- \/ Yoast SEO plugin. -->","yoast_head_json":{"title":"2D Artist - ComesTek Solution","robots":{"index":"index","follow":"follow","max-snippet":"max-snippet:-1","max-image-preview":"max-image-preview:large","max-video-preview":"max-video-preview:-1"},"canonical":"https:\/\/comestek.com\/vi\/tim-kiem-tai-nang-comestek\/dang-tin-tuyen-dung\/cong-nghe-thong-tin\/2d-artist\/","og_locale":"vi_VN","og_type":"article","og_title":"2D Artist - ComesTek Solution","og_description":"Company: BSoft Address: \u00a0T\u00f2a nh\u00e0 L\u00ea Xu\u00e2n B5-D7, ng\u00f5 25 Th\u1ecd Th\u00e1p C\u1ea7u Gi\u1ea5y, H\u00e0 N\u1ed9i 2D ARTIST\u00a0 \u00a0M\u00d4 T\u1ea2 C\u00d4NG VI\u1ec6C X\u00e2y d\u1ef1ng \u00fd t\u01b0\u1edfng, thi\u1ebft k\u1ebf UI\/UX cho game; Thi\u1ebft k\u1ebf nh\u00e2n v\u1eadt, m\u00f4i tr\u01b0\u1eddng\u2026.. trong Game Y\u00caU C\u1ea6U Th\u00e0nh th\u1ee5c k\u1ef9 n\u0103ng PTS ( \u0111\u1eb7c bi\u1ec7t l\u00e0 Illustrator v\u00e0 XD ). C\u00f3 [&hellip;]","og_url":"https:\/\/comestek.com\/vi\/tim-kiem-tai-nang-comestek\/dang-tin-tuyen-dung\/cong-nghe-thong-tin\/2d-artist\/","og_site_name":"ComesTek Solution","article_modified_time":"2022-04-27T08:51:42+00:00","og_image":[{"width":512,"height":512,"url":"https:\/\/comestek.com\/wp-content\/uploads\/2021\/09\/cropped-COMESTEK_LOGO-03.png","type":"image\/png"}],"twitter_card":"summary_large_image","twitter_misc":{"Est. reading time":"2 minutes"},"schema":{"@context":"https:\/\/schema.org","@graph":[{"@type":"Organization","@id":"https:\/\/comestek.com\/#organization","name":"ComesTek Solution","url":"https:\/\/comestek.com\/","sameAs":[],"logo":{"@type":"ImageObject","@id":"https:\/\/comestek.com\/#logo","inLanguage":"vi-VN","url":"https:\/\/comestek.com\/wp-content\/uploads\/2021\/09\/cropped-COMESTEK_LOGO-03.png","contentUrl":"https:\/\/comestek.com\/wp-content\/uploads\/2021\/09\/cropped-COMESTEK_LOGO-03.png","width":512,"height":512,"caption":"ComesTek Solution"},"image":{"@id":"https:\/\/comestek.com\/#logo"}},{"@type":"WebSite","@id":"https:\/\/comestek.com\/#website","url":"https:\/\/comestek.com\/","name":"ComesTek Solution","description":"Connect &amp; Companion","publisher":{"@id":"https:\/\/comestek.com\/#organization"},"potentialAction":[{"@type":"SearchAction","target":{"@type":"EntryPoint","urlTemplate":"https:\/\/comestek.com\/?s={search_term_string}"},"query-input":"required name=search_term_string"}],"inLanguage":"vi-VN"},{"@type":"WebPage","@id":"https:\/\/comestek.com\/vi\/tim-kiem-tai-nang-comestek\/dang-tin-tuyen-dung\/cong-nghe-thong-tin\/2d-artist\/#webpage","url":"https:\/\/comestek.com\/vi\/tim-kiem-tai-nang-comestek\/dang-tin-tuyen-dung\/cong-nghe-thong-tin\/2d-artist\/","name":"2D Artist - ComesTek Solution","isPartOf":{"@id":"https:\/\/comestek.com\/#website"},"datePublished":"2022-04-27T08:44:45+00:00","dateModified":"2022-04-27T08:51:42+00:00","breadcrumb":{"@id":"https:\/\/comestek.com\/vi\/tim-kiem-tai-nang-comestek\/dang-tin-tuyen-dung\/cong-nghe-thong-tin\/2d-artist\/#breadcrumb"},"inLanguage":"vi-VN","potentialAction":[{"@type":"ReadAction","target":["https:\/\/comestek.com\/vi\/tim-kiem-tai-nang-comestek\/dang-tin-tuyen-dung\/cong-nghe-thong-tin\/2d-artist\/"]}]},{"@type":"BreadcrumbList","@id":"https:\/\/comestek.com\/vi\/tim-kiem-tai-nang-comestek\/dang-tin-tuyen-dung\/cong-nghe-thong-tin\/2d-artist\/#breadcrumb","itemListElement":[{"@type":"ListItem","position":1,"name":"Home","item":"https:\/\/comestek.com\/vi\/"},{"@type":"ListItem","position":2,"name":"T\u00ecm Ki\u1ebfm T\u00e0i N\u0103ng","item":"https:\/\/comestek.com\/comestalent\/"},{"@type":"ListItem","position":3,"name":"\u0110\u0103ng Tin Tuy\u1ec3n D\u1ee5ng","item":"https:\/\/comestek.com\/comestalent\/recruitment-post-online\/"},{"@type":"ListItem","position":4,"name":"C\u00f4ng Ngh\u1ec7 Th\u00f4ng Tin","item":"https:\/\/comestek.com\/vi\/tim-kiem-tai-nang-comestek\/dang-tin-tuyen-dung\/cong-nghe-thong-tin\/"},{"@type":"ListItem","position":5,"name":"2D Artist"}]}]}},"_links":{"self":[{"href":"https:\/\/comestek.com\/vi\/wp-json\/wp\/v2\/pages\/8797"}],"collection":[{"href":"https:\/\/comestek.com\/vi\/wp-json\/wp\/v2\/pages"}],"about":[{"href":"https:\/\/comestek.com\/vi\/wp-json\/wp\/v2\/types\/page"}],"author":[{"embeddable":true,"href":"https:\/\/comestek.com\/vi\/wp-json\/wp\/v2\/users\/3"}],"replies":[{"embeddable":true,"href":"https:\/\/comestek.com\/vi\/wp-json\/wp\/v2\/comments?post=8797"}],"version-history":[{"count":3,"href":"https:\/\/comestek.com\/vi\/wp-json\/wp\/v2\/pages\/8797\/revisions"}],"predecessor-version":[{"id":8811,"href":"https:\/\/comestek.com\/vi\/wp-json\/wp\/v2\/pages\/8797\/revisions\/8811"}],"up":[{"embeddable":true,"href":"https:\/\/comestek.com\/vi\/wp-json\/wp\/v2\/pages\/8466"}],"wp:attachment":[{"href":"https:\/\/comestek.com\/vi\/wp-json\/wp\/v2\/media?parent=8797"}],"curies":[{"name":"wp","href":"https:\/\/api.w.org\/{rel}","templated":true}]}}