{"id":6847,"date":"2021-11-20T11:43:14","date_gmt":"2021-11-20T04:43:14","guid":{"rendered":"https:\/\/comestek.com\/van-phong-so-e-office\/"},"modified":"2022-02-11T15:14:05","modified_gmt":"2022-02-11T08:14:05","slug":"van-phong-so-e-office","status":"publish","type":"page","link":"https:\/\/comestek.com\/vi\/van-phong-so-e-office\/","title":{"rendered":"V\u0103n ph\u00f2ng s\u1ed1 (E-Office)"},"content":{"rendered":"\t\t<div data-elementor-type=\"wp-page\" data-elementor-id=\"6847\" class=\"elementor elementor-6847 elementor-6532\" data-elementor-settings=\"[]\">\n\t\t\t\t\t\t\t<div class=\"elementor-section-wrap\">\n\t\t\t\t\t\t\t<section class=\"elementor-section elementor-top-section elementor-element elementor-element-4d3fa185 elementor-section-content-middle elementor-section-boxed elementor-section-height-default elementor-section-height-default\" data-id=\"4d3fa185\" data-element_type=\"section\" data-settings=\"{&quot;background_background&quot;:&quot;slideshow&quot;,&quot;background_slideshow_gallery&quot;:[{&quot;id&quot;:2491,&quot;url&quot;:&quot;https:\\\/\\\/comestek.com\\\/wp-content\\\/uploads\\\/2020\\\/02\\\/bg-pricing-home7.png&quot;}],&quot;background_slideshow_loop&quot;:&quot;yes&quot;,&quot;background_slideshow_slide_duration&quot;:5000,&quot;background_slideshow_slide_transition&quot;:&quot;fade&quot;,&quot;background_slideshow_transition_duration&quot;:500}\">\n\t\t\t\t\t\t<div class=\"elementor-container elementor-column-gap-extended\">\n\t\t\t\t\t<div class=\"elementor-column elementor-col-50 elementor-top-column elementor-element elementor-element-2db5fc2 ot-flex-column-vertical\" data-id=\"2db5fc2\" data-element_type=\"column\">\n\t\t\t<div class=\"elementor-widget-wrap elementor-element-populated\">\n\t\t\t\t\t\t\t\t<div class=\"elementor-element elementor-element-52be1132 elementor-widget elementor-widget-iheading\" data-id=\"52be1132\" data-element_type=\"widget\" data-widget_type=\"iheading.default\">\n\t\t\t\t<div class=\"elementor-widget-container\">\n\t\t\t\t\t<div class=\"ot-heading center-align\">\r\n\t\t\t\r\n\t\t\t\t\r\n\r\n\t         \r\n\r\n\t        \t        \t<h2 class=\"main-heading\">S\u1ed1 h\u00f3a doanh nghi\u1ec7p c\u1ee7a b\u1ea1n<\/h2>\r\n\t        \t    <\/div>\r\n\t    \t\t<\/div>\n\t\t\t\t<\/div>\n\t\t\t\t<div class=\"elementor-element elementor-element-390a1743 elementor-widget elementor-widget-text-editor\" data-id=\"390a1743\" data-element_type=\"widget\" data-widget_type=\"text-editor.default\">\n\t\t\t\t<div class=\"elementor-widget-container\">\n\t\t\t\t\t\t\t<p><strong><a href=\"https:\/\/comestek.com\/\">V\u0103n ph\u00f2ng s\u1ed1 E-OFFICE<\/a><\/strong> l\u00e0 h\u1ec7 th\u1ed1ng ph\u1ea7n m\u1ec1m qu\u1ea3n l\u00fd chuy\u00ean bi\u1ec7t d\u00e0nh cho m\u00f4i tr\u01b0\u1eddng l\u00e0m vi\u1ec7c v\u0103n ph\u00f2ng, s\u1ed1 h\u00f3a v\u0103n ph\u00f2ng l\u00e0m vi\u1ec7c v\u00e0 li\u00ean k\u1ebft ho\u1ea1t \u0111\u1ed9ng c\u1ee7a c\u00e1c ph\u00f2ng ban c\u00e1c c\u1ea5p (ban l\u00e3nh \u0111\u1ea1o c\u00f4ng ty, mua h\u00e0ng, b\u00e1n h\u00e0ng, k\u1ebf to\u00e1n\u2026) tr\u00ean duy nh\u1ea5t m\u1ed9t n\u1ec1n t\u1ea3ng h\u1ec7 th\u1ed1ng. V\u1edbi 5 l\u1ee3i \u00edch ch\u00ednh nh\u01b0 sau:<\/p><p><i class=\"flaticon-check\"><\/i>\u00a0 \u00a0 S\u1ed1 h\u00f3a &#8211; Quy tr\u00ecnh qu\u1ea3n l\u00fd t\u1ef1 \u0111\u1ed9ng h\u00f3a<\/p><p><i class=\"flaticon-check\"><\/i>\u00a0 \u00a0 Qu\u1ea3n l\u00fd, s\u1eafp x\u1ebfp, thu th\u1eadp, gi\u00e1m s\u00e1t, ki\u1ec3m so\u00e1t lu\u1ed3ng t\u1ef1 \u0111\u1ed9ng h\u00f3a D\u1eee LI\u1ec6U L\u1edaN, \u0111\u1ed3ng b\u1ed9 h\u00f3a th\u1eddi gian th\u1ef1c<\/p><p><i class=\"flaticon-check\"><\/i>\u00a0 \u00a0 M\u00f4i tr\u01b0\u1eddng v\u0103n ph\u00f2ng \u0111i\u1ec7n t\u1eed (E-Office)<\/p><p><i class=\"flaticon-check\"><\/i>\u00a0 \u00a0 Thu th\u1eadp d\u1eef li\u1ec7u ho\u00e0n to\u00e0n t\u1ef1 \u0111\u1ed9ng, K\u1ebf th\u1eeba, T\u1ef1 m\u1edf r\u1ed9ng, Ph\u00e2n t\u00edch, X\u1eed l\u00fd trong t\u01b0\u01a1ng lai<\/p><p><i class=\"flaticon-check\"><\/i>\u00a0 \u00a0 N\u1ec1n t\u1ea3ng \u1ee9ng d\u1ee5ng Web \u0111\u00e1m m\u00e2y linh ho\u1ea1t cho ng\u01b0\u1eddi d\u00f9ng m\u1ecdi l\u00fac, m\u1ecdi n\u01a1i<\/p>\t\t\t\t\t\t<\/div>\n\t\t\t\t<\/div>\n\t\t\t\t\t<\/div>\n\t\t<\/div>\n\t\t\t\t<div class=\"elementor-column elementor-col-50 elementor-top-column elementor-element elementor-element-2064eb69 ot-flex-column-vertical\" data-id=\"2064eb69\" data-element_type=\"column\">\n\t\t\t<div class=\"elementor-widget-wrap elementor-element-populated\">\n\t\t\t\t\t\t\t\t<div class=\"elementor-element elementor-element-59bdf989 elementor-widget elementor-widget-image\" data-id=\"59bdf989\" data-element_type=\"widget\" data-widget_type=\"image.default\">\n\t\t\t\t<div class=\"elementor-widget-container\">\n\t\t\t\t\t\t\t\t\t\t\t\t<figure class=\"wp-caption\">\n\t\t\t\t\t\t\t\t\t\t\t<a href=\"https:\/\/comestek.com\/\">\n\t\t\t\t\t\t\t<img width=\"1024\" height=\"717\" src=\"https:\/\/comestek.com\/wp-content\/uploads\/2021\/10\/smartmockups_ktaz82j5-1024x717.jpg\" class=\"attachment-large size-large\" alt=\"E-Office\" srcset=\"https:\/\/comestek.com\/wp-content\/uploads\/2021\/10\/smartmockups_ktaz82j5-1024x717.jpg 1024w, https:\/\/comestek.com\/wp-content\/uploads\/2021\/10\/smartmockups_ktaz82j5-300x210.jpg 300w, https:\/\/comestek.com\/wp-content\/uploads\/2021\/10\/smartmockups_ktaz82j5-768x538.jpg 768w, https:\/\/comestek.com\/wp-content\/uploads\/2021\/10\/smartmockups_ktaz82j5.jpg 1280w\" sizes=\"(max-width: 1024px) 100vw, 1024px\" \/>\t\t\t\t\t\t\t\t<\/a>\n\t\t\t\t\t\t\t\t\t\t\t<figcaption class=\"widget-image-caption wp-caption-text\"><\/figcaption>\n\t\t\t\t\t\t\t\t\t\t<\/figure>\n\t\t\t\t\t\t\t\t\t<\/div>\n\t\t\t\t<\/div>\n\t\t\t\t\t<\/div>\n\t\t<\/div>\n\t\t\t\t\t\t\t<\/div>\n\t\t<\/section>\n\t\t\t\t<section class=\"elementor-section elementor-top-section elementor-element elementor-element-7c16177 elementor-section-boxed elementor-section-height-default elementor-section-height-default\" data-id=\"7c16177\" data-element_type=\"section\">\n\t\t\t\t\t\t<div class=\"elementor-container elementor-column-gap-default\">\n\t\t\t\t\t<div class=\"elementor-column elementor-col-100 elementor-top-column elementor-element elementor-element-c012a85 ot-flex-column-vertical\" data-id=\"c012a85\" data-element_type=\"column\">\n\t\t\t<div class=\"elementor-widget-wrap elementor-element-populated\">\n\t\t\t\t\t\t\t\t<div class=\"elementor-element elementor-element-eba012a elementor-widget elementor-widget-heading\" data-id=\"eba012a\" data-element_type=\"widget\" data-widget_type=\"heading.default\">\n\t\t\t\t<div class=\"elementor-widget-container\">\n\t\t\t<h2 class=\"elementor-heading-title elementor-size-default\">C\u00c1C T\u00cdNH N\u0102NG H\u1ec6 TH\u1ed0NG<\/h2>\t\t<\/div>\n\t\t\t\t<\/div>\n\t\t\t\t<div class=\"elementor-element elementor-element-f8d9bff elementor-widget elementor-widget-spacer\" data-id=\"f8d9bff\" data-element_type=\"widget\" data-widget_type=\"spacer.default\">\n\t\t\t\t<div class=\"elementor-widget-container\">\n\t\t\t\t\t<div class=\"elementor-spacer\">\n\t\t\t<div class=\"elementor-spacer-inner\"><\/div>\n\t\t<\/div>\n\t\t\t\t<\/div>\n\t\t\t\t<\/div>\n\t\t\t\t<div class=\"elementor-element elementor-element-2450e17 elementor-widget elementor-widget-text-editor\" data-id=\"2450e17\" data-element_type=\"widget\" data-widget_type=\"text-editor.default\">\n\t\t\t\t<div class=\"elementor-widget-container\">\n\t\t\t\t\t\t\t<p><strong><a href=\"https:\/\/comestek.com\/\">V\u0103n ph\u00f2ng s\u1ed1 E-Office<\/a><\/strong> v\u1edbi 12 t\u00ednh n\u0103ng qu\u1ea3n l\u00fd doanh nghi\u1ec7p, \u0111i\u1ec7n t\u1eed h\u00f3a m\u00f4i tr\u01b0\u1eddng v\u0103n ph\u00f2ng m\u1ed9t c\u00e1ch t\u1ed1i \u01b0u nh\u1ea5t<\/p>\t\t\t\t\t\t<\/div>\n\t\t\t\t<\/div>\n\t\t\t\t\t<\/div>\n\t\t<\/div>\n\t\t\t\t\t\t\t<\/div>\n\t\t<\/section>\n\t\t\t\t<section class=\"elementor-section elementor-top-section elementor-element elementor-element-97a62b7 elementor-section-boxed elementor-section-height-default elementor-section-height-default\" data-id=\"97a62b7\" data-element_type=\"section\" data-settings=\"{&quot;background_background&quot;:&quot;slideshow&quot;,&quot;background_slideshow_gallery&quot;:[],&quot;background_slideshow_loop&quot;:&quot;yes&quot;,&quot;background_slideshow_slide_duration&quot;:5000,&quot;background_slideshow_slide_transition&quot;:&quot;fade&quot;,&quot;background_slideshow_transition_duration&quot;:500}\">\n\t\t\t\t\t\t<div class=\"elementor-container elementor-column-gap-default\">\n\t\t\t\t\t<div class=\"elementor-column elementor-col-100 elementor-top-column elementor-element elementor-element-efde492 ot-flex-column-vertical\" data-id=\"efde492\" data-element_type=\"column\">\n\t\t\t<div class=\"elementor-widget-wrap elementor-element-populated\">\n\t\t\t\t\t\t\t\t<div class=\"elementor-element elementor-element-95154bd elementor-widget elementor-widget-image\" data-id=\"95154bd\" data-element_type=\"widget\" data-widget_type=\"image.default\">\n\t\t\t\t<div class=\"elementor-widget-container\">\n\t\t\t\t\t\t\t\t\t\t\t\t<figure class=\"wp-caption\">\n\t\t\t\t\t\t\t\t\t\t\t<a href=\"https:\/\/comestek.com\/\">\n\t\t\t\t\t\t\t<img width=\"584\" height=\"541\" src=\"https:\/\/comestek.com\/wp-content\/uploads\/2021\/11\/2021-11-20_13-43-04.png\" class=\"attachment-large size-large\" alt=\"Van phong so E-Office\" srcset=\"https:\/\/comestek.com\/wp-content\/uploads\/2021\/11\/2021-11-20_13-43-04.png 584w, https:\/\/comestek.com\/wp-content\/uploads\/2021\/11\/2021-11-20_13-43-04-300x278.png 300w\" sizes=\"(max-width: 584px) 100vw, 584px\" \/>\t\t\t\t\t\t\t\t<\/a>\n\t\t\t\t\t\t\t\t\t\t\t<figcaption class=\"widget-image-caption wp-caption-text\"><\/figcaption>\n\t\t\t\t\t\t\t\t\t\t<\/figure>\n\t\t\t\t\t\t\t\t\t<\/div>\n\t\t\t\t<\/div>\n\t\t\t\t\t<\/div>\n\t\t<\/div>\n\t\t\t\t\t\t\t<\/div>\n\t\t<\/section>\n\t\t\t\t<section class=\"elementor-section elementor-top-section elementor-element elementor-element-10917b60 elementor-section-boxed elementor-section-height-default elementor-section-height-default\" data-id=\"10917b60\" data-element_type=\"section\">\n\t\t\t\t\t\t<div class=\"elementor-container elementor-column-gap-default\">\n\t\t\t\t\t<div class=\"elementor-column elementor-col-100 elementor-top-column elementor-element elementor-element-25893015 ot-flex-column-vertical\" data-id=\"25893015\" data-element_type=\"column\">\n\t\t\t<div class=\"elementor-widget-wrap elementor-element-populated\">\n\t\t\t\t\t\t\t\t<div class=\"elementor-element elementor-element-6071f528 elementor-widget elementor-widget-spacer\" data-id=\"6071f528\" data-element_type=\"widget\" data-widget_type=\"spacer.default\">\n\t\t\t\t<div class=\"elementor-widget-container\">\n\t\t\t\t\t<div class=\"elementor-spacer\">\n\t\t\t<div class=\"elementor-spacer-inner\"><\/div>\n\t\t<\/div>\n\t\t\t\t<\/div>\n\t\t\t\t<\/div>\n\t\t\t\t<div class=\"elementor-element elementor-element-1b647638 elementor--h-position-center elementor--v-position-middle elementor-arrows-position-inside elementor-pagination-position-inside elementor-widget elementor-widget-slides\" data-id=\"1b647638\" data-element_type=\"widget\" data-settings=\"{&quot;navigation&quot;:&quot;both&quot;,&quot;autoplay&quot;:&quot;yes&quot;,&quot;pause_on_hover&quot;:&quot;yes&quot;,&quot;pause_on_interaction&quot;:&quot;yes&quot;,&quot;autoplay_speed&quot;:5000,&quot;infinite&quot;:&quot;yes&quot;,&quot;transition&quot;:&quot;slide&quot;,&quot;transition_speed&quot;:500}\" data-widget_type=\"slides.default\">\n\t\t\t\t<div class=\"elementor-widget-container\">\n\t\t\t\t\t<div class=\"elementor-swiper\">\n\t\t\t<div class=\"elementor-slides-wrapper elementor-main-swiper swiper-container\" dir=\"ltr\" data-animation=\"fadeInUp\">\n\t\t\t\t<div class=\"swiper-wrapper elementor-slides\">\n\t\t\t\t\t<div class=\"elementor-repeater-item-b4c4c05 swiper-slide\"><div class=\"swiper-slide-bg\"><\/div><a class=\"swiper-slide-inner\" href=\"https:\/\/zalo.me\/0344595114\"><div class=\"swiper-slide-contents\"><div class=\"elementor-slide-description\"><p>Ch\u00fang t\u00f4i tin r\u1eb1ng gi\u1ea3i ph\u00e1p v\u0103n ph\u00f2ng s\u1ed1 E-Office s\u1ebd l\u00e0 s\u1ef1 l\u1ef1a ch\u1ecdn ph\u00f9 h\u1ee3p nh\u1ea5t cho doanh nghi\u1ec7p c\u1ee7a b\u1ea1n.<\/p>\n<\/div><div  class=\"elementor-button elementor-slide-button elementor-size-sm\">Li\u00ean h\u1ec7<\/div><\/div><\/a><\/div>\t\t\t\t<\/div>\n\t\t\t\t\t\t\t<\/div>\n\t\t<\/div>\n\t\t\t\t<\/div>\n\t\t\t\t<\/div>\n\t\t\t\t\t<\/div>\n\t\t<\/div>\n\t\t\t\t\t\t\t<\/div>\n\t\t<\/section>\n\t\t\t\t<section class=\"elementor-section elementor-top-section elementor-element elementor-element-ace61a8 elementor-section-boxed elementor-section-height-default elementor-section-height-default\" data-id=\"ace61a8\" data-element_type=\"section\">\n\t\t\t\t\t\t<div class=\"elementor-container elementor-column-gap-default\">\n\t\t\t\t\t<div class=\"elementor-column elementor-col-100 elementor-top-column elementor-element elementor-element-4dadbd0 ot-flex-column-vertical\" data-id=\"4dadbd0\" data-element_type=\"column\">\n\t\t\t<div class=\"elementor-widget-wrap elementor-element-populated\">\n\t\t\t\t\t\t\t\t<div class=\"elementor-element elementor-element-c230c64 elementor-widget elementor-widget-spacer\" data-id=\"c230c64\" data-element_type=\"widget\" data-widget_type=\"spacer.default\">\n\t\t\t\t<div class=\"elementor-widget-container\">\n\t\t\t\t\t<div class=\"elementor-spacer\">\n\t\t\t<div class=\"elementor-spacer-inner\"><\/div>\n\t\t<\/div>\n\t\t\t\t<\/div>\n\t\t\t\t<\/div>\n\t\t\t\t\t<\/div>\n\t\t<\/div>\n\t\t\t\t\t\t\t<\/div>\n\t\t<\/section>\n\t\t\t\t\t\t<\/div>\n\t\t\t\t\t<\/div>\n\t\t","protected":false},"excerpt":{"rendered":"<p>S\u1ed1 h\u00f3a doanh nghi\u1ec7p c\u1ee7a b\u1ea1n V\u0103n ph\u00f2ng s\u1ed1 E-OFFICE l\u00e0 h\u1ec7 th\u1ed1ng ph\u1ea7n m\u1ec1m qu\u1ea3n l\u00fd chuy\u00ean bi\u1ec7t d\u00e0nh cho m\u00f4i tr\u01b0\u1eddng l\u00e0m vi\u1ec7c v\u0103n ph\u00f2ng, s\u1ed1 h\u00f3a v\u0103n ph\u00f2ng l\u00e0m vi\u1ec7c v\u00e0 li\u00ean k\u1ebft ho\u1ea1t \u0111\u1ed9ng c\u1ee7a c\u00e1c ph\u00f2ng ban c\u00e1c c\u1ea5p (ban l\u00e3nh \u0111\u1ea1o c\u00f4ng ty, mua h\u00e0ng, b\u00e1n h\u00e0ng, k\u1ebf to\u00e1n\u2026) [&hellip;]<\/p>\n","protected":false},"author":2,"featured_media":0,"parent":0,"menu_order":0,"comment_status":"closed","ping_status":"closed","template":"","meta":[],"yoast_head":"<!-- This site is optimized with the Yoast SEO plugin v18.1 - https:\/\/yoast.com\/wordpress\/plugins\/seo\/ -->\n<title>V\u0103n ph\u00f2ng s\u1ed1 (E-Office) - ComesTek Solution<\/title>\n<meta name=\"robots\" content=\"index, follow, max-snippet:-1, max-image-preview:large, max-video-preview:-1\" \/>\n<link rel=\"canonical\" href=\"https:\/\/comestek.com\/vi\/van-phong-so-e-office\/\" \/>\n<meta property=\"og:locale\" content=\"vi_VN\" \/>\n<meta property=\"og:type\" content=\"article\" \/>\n<meta property=\"og:title\" content=\"V\u0103n ph\u00f2ng s\u1ed1 (E-Office) - ComesTek Solution\" \/>\n<meta property=\"og:description\" content=\"S\u1ed1 h\u00f3a doanh nghi\u1ec7p c\u1ee7a b\u1ea1n V\u0103n ph\u00f2ng s\u1ed1 E-OFFICE l\u00e0 h\u1ec7 th\u1ed1ng ph\u1ea7n m\u1ec1m qu\u1ea3n l\u00fd chuy\u00ean bi\u1ec7t d\u00e0nh cho m\u00f4i tr\u01b0\u1eddng l\u00e0m vi\u1ec7c v\u0103n ph\u00f2ng, s\u1ed1 h\u00f3a v\u0103n ph\u00f2ng l\u00e0m vi\u1ec7c v\u00e0 li\u00ean k\u1ebft ho\u1ea1t \u0111\u1ed9ng c\u1ee7a c\u00e1c ph\u00f2ng ban c\u00e1c c\u1ea5p (ban l\u00e3nh \u0111\u1ea1o c\u00f4ng ty, mua h\u00e0ng, b\u00e1n h\u00e0ng, k\u1ebf to\u00e1n\u2026) [&hellip;]\" \/>\n<meta property=\"og:url\" content=\"https:\/\/comestek.com\/vi\/van-phong-so-e-office\/\" \/>\n<meta property=\"og:site_name\" content=\"ComesTek Solution\" \/>\n<meta property=\"article:modified_time\" content=\"2022-02-11T08:14:05+00:00\" \/>\n<meta property=\"og:image\" content=\"https:\/\/comestek.com\/wp-content\/uploads\/2021\/10\/smartmockups_ktaz82j5-1024x717.jpg\" \/>\n<meta name=\"twitter:card\" content=\"summary_large_image\" \/>\n<meta name=\"twitter:label1\" content=\"Est. reading time\" \/>\n\t<meta name=\"twitter:data1\" content=\"2 minutes\" \/>\n<script type=\"application\/ld+json\" class=\"yoast-schema-graph\">{\"@context\":\"https:\/\/schema.org\",\"@graph\":[{\"@type\":\"Organization\",\"@id\":\"https:\/\/comestek.com\/#organization\",\"name\":\"ComesTek Solution\",\"url\":\"https:\/\/comestek.com\/\",\"sameAs\":[],\"logo\":{\"@type\":\"ImageObject\",\"@id\":\"https:\/\/comestek.com\/#logo\",\"inLanguage\":\"vi-VN\",\"url\":\"https:\/\/comestek.com\/wp-content\/uploads\/2021\/09\/cropped-COMESTEK_LOGO-03.png\",\"contentUrl\":\"https:\/\/comestek.com\/wp-content\/uploads\/2021\/09\/cropped-COMESTEK_LOGO-03.png\",\"width\":512,\"height\":512,\"caption\":\"ComesTek Solution\"},\"image\":{\"@id\":\"https:\/\/comestek.com\/#logo\"}},{\"@type\":\"WebSite\",\"@id\":\"https:\/\/comestek.com\/#website\",\"url\":\"https:\/\/comestek.com\/\",\"name\":\"ComesTek Solution\",\"description\":\"Connect &amp; Companion\",\"publisher\":{\"@id\":\"https:\/\/comestek.com\/#organization\"},\"potentialAction\":[{\"@type\":\"SearchAction\",\"target\":{\"@type\":\"EntryPoint\",\"urlTemplate\":\"https:\/\/comestek.com\/?s={search_term_string}\"},\"query-input\":\"required name=search_term_string\"}],\"inLanguage\":\"vi-VN\"},{\"@type\":\"ImageObject\",\"@id\":\"https:\/\/comestek.com\/vi\/van-phong-so-e-office\/#primaryimage\",\"inLanguage\":\"vi-VN\",\"url\":\"https:\/\/comestek.com\/wp-content\/uploads\/2021\/10\/smartmockups_ktaz82j5.jpg\",\"contentUrl\":\"https:\/\/comestek.com\/wp-content\/uploads\/2021\/10\/smartmockups_ktaz82j5.jpg\",\"width\":1280,\"height\":896,\"caption\":\"E-Office\"},{\"@type\":\"WebPage\",\"@id\":\"https:\/\/comestek.com\/vi\/van-phong-so-e-office\/#webpage\",\"url\":\"https:\/\/comestek.com\/vi\/van-phong-so-e-office\/\",\"name\":\"V\u0103n ph\u00f2ng s\u1ed1 (E-Office) - ComesTek Solution\",\"isPartOf\":{\"@id\":\"https:\/\/comestek.com\/#website\"},\"primaryImageOfPage\":{\"@id\":\"https:\/\/comestek.com\/vi\/van-phong-so-e-office\/#primaryimage\"},\"datePublished\":\"2021-11-20T04:43:14+00:00\",\"dateModified\":\"2022-02-11T08:14:05+00:00\",\"breadcrumb\":{\"@id\":\"https:\/\/comestek.com\/vi\/van-phong-so-e-office\/#breadcrumb\"},\"inLanguage\":\"vi-VN\",\"potentialAction\":[{\"@type\":\"ReadAction\",\"target\":[\"https:\/\/comestek.com\/vi\/van-phong-so-e-office\/\"]}]},{\"@type\":\"BreadcrumbList\",\"@id\":\"https:\/\/comestek.com\/vi\/van-phong-so-e-office\/#breadcrumb\",\"itemListElement\":[{\"@type\":\"ListItem\",\"position\":1,\"name\":\"Home\",\"item\":\"https:\/\/comestek.com\/vi\/\"},{\"@type\":\"ListItem\",\"position\":2,\"name\":\"V\u0103n ph\u00f2ng s\u1ed1 (E-Office)\"}]}]}<\/script>\n<!-- \/ Yoast SEO plugin. -->","yoast_head_json":{"title":"V\u0103n ph\u00f2ng s\u1ed1 (E-Office) - ComesTek Solution","robots":{"index":"index","follow":"follow","max-snippet":"max-snippet:-1","max-image-preview":"max-image-preview:large","max-video-preview":"max-video-preview:-1"},"canonical":"https:\/\/comestek.com\/vi\/van-phong-so-e-office\/","og_locale":"vi_VN","og_type":"article","og_title":"V\u0103n ph\u00f2ng s\u1ed1 (E-Office) - ComesTek Solution","og_description":"S\u1ed1 h\u00f3a doanh nghi\u1ec7p c\u1ee7a b\u1ea1n V\u0103n ph\u00f2ng s\u1ed1 E-OFFICE l\u00e0 h\u1ec7 th\u1ed1ng ph\u1ea7n m\u1ec1m qu\u1ea3n l\u00fd chuy\u00ean bi\u1ec7t d\u00e0nh cho m\u00f4i tr\u01b0\u1eddng l\u00e0m vi\u1ec7c v\u0103n ph\u00f2ng, s\u1ed1 h\u00f3a v\u0103n ph\u00f2ng l\u00e0m vi\u1ec7c v\u00e0 li\u00ean k\u1ebft ho\u1ea1t \u0111\u1ed9ng c\u1ee7a c\u00e1c ph\u00f2ng ban c\u00e1c c\u1ea5p (ban l\u00e3nh \u0111\u1ea1o c\u00f4ng ty, mua h\u00e0ng, b\u00e1n h\u00e0ng, k\u1ebf to\u00e1n\u2026) [&hellip;]","og_url":"https:\/\/comestek.com\/vi\/van-phong-so-e-office\/","og_site_name":"ComesTek Solution","article_modified_time":"2022-02-11T08:14:05+00:00","og_image":[{"url":"https:\/\/comestek.com\/wp-content\/uploads\/2021\/10\/smartmockups_ktaz82j5-1024x717.jpg"}],"twitter_card":"summary_large_image","twitter_misc":{"Est. reading time":"2 minutes"},"schema":{"@context":"https:\/\/schema.org","@graph":[{"@type":"Organization","@id":"https:\/\/comestek.com\/#organization","name":"ComesTek Solution","url":"https:\/\/comestek.com\/","sameAs":[],"logo":{"@type":"ImageObject","@id":"https:\/\/comestek.com\/#logo","inLanguage":"vi-VN","url":"https:\/\/comestek.com\/wp-content\/uploads\/2021\/09\/cropped-COMESTEK_LOGO-03.png","contentUrl":"https:\/\/comestek.com\/wp-content\/uploads\/2021\/09\/cropped-COMESTEK_LOGO-03.png","width":512,"height":512,"caption":"ComesTek Solution"},"image":{"@id":"https:\/\/comestek.com\/#logo"}},{"@type":"WebSite","@id":"https:\/\/comestek.com\/#website","url":"https:\/\/comestek.com\/","name":"ComesTek Solution","description":"Connect &amp; Companion","publisher":{"@id":"https:\/\/comestek.com\/#organization"},"potentialAction":[{"@type":"SearchAction","target":{"@type":"EntryPoint","urlTemplate":"https:\/\/comestek.com\/?s={search_term_string}"},"query-input":"required name=search_term_string"}],"inLanguage":"vi-VN"},{"@type":"ImageObject","@id":"https:\/\/comestek.com\/vi\/van-phong-so-e-office\/#primaryimage","inLanguage":"vi-VN","url":"https:\/\/comestek.com\/wp-content\/uploads\/2021\/10\/smartmockups_ktaz82j5.jpg","contentUrl":"https:\/\/comestek.com\/wp-content\/uploads\/2021\/10\/smartmockups_ktaz82j5.jpg","width":1280,"height":896,"caption":"E-Office"},{"@type":"WebPage","@id":"https:\/\/comestek.com\/vi\/van-phong-so-e-office\/#webpage","url":"https:\/\/comestek.com\/vi\/van-phong-so-e-office\/","name":"V\u0103n ph\u00f2ng s\u1ed1 (E-Office) - ComesTek Solution","isPartOf":{"@id":"https:\/\/comestek.com\/#website"},"primaryImageOfPage":{"@id":"https:\/\/comestek.com\/vi\/van-phong-so-e-office\/#primaryimage"},"datePublished":"2021-11-20T04:43:14+00:00","dateModified":"2022-02-11T08:14:05+00:00","breadcrumb":{"@id":"https:\/\/comestek.com\/vi\/van-phong-so-e-office\/#breadcrumb"},"inLanguage":"vi-VN","potentialAction":[{"@type":"ReadAction","target":["https:\/\/comestek.com\/vi\/van-phong-so-e-office\/"]}]},{"@type":"BreadcrumbList","@id":"https:\/\/comestek.com\/vi\/van-phong-so-e-office\/#breadcrumb","itemListElement":[{"@type":"ListItem","position":1,"name":"Home","item":"https:\/\/comestek.com\/vi\/"},{"@type":"ListItem","position":2,"name":"V\u0103n ph\u00f2ng s\u1ed1 (E-Office)"}]}]}},"_links":{"self":[{"href":"https:\/\/comestek.com\/vi\/wp-json\/wp\/v2\/pages\/6847"}],"collection":[{"href":"https:\/\/comestek.com\/vi\/wp-json\/wp\/v2\/pages"}],"about":[{"href":"https:\/\/comestek.com\/vi\/wp-json\/wp\/v2\/types\/page"}],"author":[{"embeddable":true,"href":"https:\/\/comestek.com\/vi\/wp-json\/wp\/v2\/users\/2"}],"replies":[{"embeddable":true,"href":"https:\/\/comestek.com\/vi\/wp-json\/wp\/v2\/comments?post=6847"}],"version-history":[{"count":3,"href":"https:\/\/comestek.com\/vi\/wp-json\/wp\/v2\/pages\/6847\/revisions"}],"predecessor-version":[{"id":7563,"href":"https:\/\/comestek.com\/vi\/wp-json\/wp\/v2\/pages\/6847\/revisions\/7563"}],"wp:attachment":[{"href":"https:\/\/comestek.com\/vi\/wp-json\/wp\/v2\/media?parent=6847"}],"curies":[{"name":"wp","href":"https:\/\/api.w.org\/{rel}","templated":true}]}}