{"id":6395,"date":"2019-11-04T09:26:33","date_gmt":"2019-11-04T09:26:33","guid":{"rendered":"https:\/\/comestek.com\/?page_id=6395"},"modified":"2022-02-11T14:54:51","modified_gmt":"2022-02-11T07:54:51","slug":"consulting-service","status":"publish","type":"page","link":"https:\/\/comestek.com\/vi\/consulting-service\/","title":{"rendered":"T\u01b0 v\u1ea5n"},"content":{"rendered":"\t\t<div data-elementor-type=\"wp-page\" data-elementor-id=\"6395\" class=\"elementor elementor-6395 elementor-571\" data-elementor-settings=\"[]\">\n\t\t\t\t\t\t\t<div class=\"elementor-section-wrap\">\n\t\t\t\t\t\t\t<section class=\"elementor-section elementor-top-section elementor-element elementor-element-694c637 elementor-section-content-middle elementor-section-boxed elementor-section-height-default elementor-section-height-default\" data-id=\"694c637\" data-element_type=\"section\" data-settings=\"{&quot;background_background&quot;:&quot;slideshow&quot;,&quot;background_slideshow_gallery&quot;:[{&quot;id&quot;:2236,&quot;url&quot;:&quot;https:\\\/\\\/comestek.com\\\/wp-content\\\/uploads\\\/2020\\\/02\\\/shape2-home4.png&quot;}],&quot;background_slideshow_loop&quot;:&quot;yes&quot;,&quot;background_slideshow_slide_duration&quot;:5000,&quot;background_slideshow_slide_transition&quot;:&quot;fade&quot;,&quot;background_slideshow_transition_duration&quot;:500}\">\n\t\t\t\t\t\t<div class=\"elementor-container elementor-column-gap-default\">\n\t\t\t\t\t<div class=\"elementor-column elementor-col-50 elementor-top-column elementor-element elementor-element-f551398 ot-flex-column-vertical\" data-id=\"f551398\" data-element_type=\"column\">\n\t\t\t<div class=\"elementor-widget-wrap elementor-element-populated\">\n\t\t\t\t\t\t\t\t<div class=\"elementor-element elementor-element-0bc0e08 elementor-widget elementor-widget-image\" data-id=\"0bc0e08\" data-element_type=\"widget\" data-widget_type=\"image.default\">\n\t\t\t\t<div class=\"elementor-widget-container\">\n\t\t\t\t\t\t\t\t\t\t\t\t<figure class=\"wp-caption\">\n\t\t\t\t\t\t\t\t\t\t\t<a href=\"https:\/\/comestek.com\/\">\n\t\t\t\t\t\t\t<img width=\"1000\" height=\"715\" src=\"https:\/\/comestek.com\/wp-content\/uploads\/2021\/08\/biz-process.jpg\" class=\"attachment-full size-full\" alt=\"\" srcset=\"https:\/\/comestek.com\/wp-content\/uploads\/2021\/08\/biz-process.jpg 1000w, https:\/\/comestek.com\/wp-content\/uploads\/2021\/08\/biz-process-300x215.jpg 300w, https:\/\/comestek.com\/wp-content\/uploads\/2021\/08\/biz-process-768x549.jpg 768w\" sizes=\"(max-width: 1000px) 100vw, 1000px\" \/>\t\t\t\t\t\t\t\t<\/a>\n\t\t\t\t\t\t\t\t\t\t\t<figcaption class=\"widget-image-caption wp-caption-text\"><\/figcaption>\n\t\t\t\t\t\t\t\t\t\t<\/figure>\n\t\t\t\t\t\t\t\t\t<\/div>\n\t\t\t\t<\/div>\n\t\t\t\t<div class=\"elementor-element elementor-element-d8c595a elementor-widget elementor-widget-iheading\" data-id=\"d8c595a\" data-element_type=\"widget\" data-widget_type=\"iheading.default\">\n\t\t\t\t<div class=\"elementor-widget-container\">\n\t\t\t\t\t<div class=\"ot-heading center-align\">\r\n\t\t\t\r\n\t\t\t\t\r\n\r\n\t         \r\n\r\n\t        \t        \t<h2 class=\"main-heading\">T\u1ea7m quan tr\u1ecdng c\u1ee7a c\u00e1c<br>quy tr\u00ecnh kinh doanh<\/h2>\r\n\t        \t    <\/div>\r\n\t    \t\t<\/div>\n\t\t\t\t<\/div>\n\t\t\t\t<div class=\"elementor-element elementor-element-df1b9e0 elementor-widget elementor-widget-text-editor\" data-id=\"df1b9e0\" data-element_type=\"widget\" data-widget_type=\"text-editor.default\">\n\t\t\t\t<div class=\"elementor-widget-container\">\n\t\t\t\t\t\t\t<p>S\u1ef1 c\u1ea7n thi\u1ebft v\u00e0 l\u1ee3i th\u1ebf c\u1ee7a m\u1ed9t quy tr\u00ecnh kinh doanh l\u00e0 kh\u00e1 r\u00f5 r\u00e0ng trong c\u00e1c t\u1ed5 ch\u1ee9c l\u1edbn. Quy tr\u00ecnh t\u1ea1o th\u00e0nh huy\u1ebft m\u1ea1ch cho b\u1ea5t k\u1ef3 doanh nghi\u1ec7p n\u00e0o v\u00e0 gi\u00fap h\u1ee3p l\u00fd h\u00f3a c\u00e1c ho\u1ea1t \u0111\u1ed9ng ri\u00eang l\u1ebb, \u0111\u1ea3m b\u1ea3o r\u1eb1ng c\u00e1c ngu\u1ed3n l\u1ef1c \u0111\u01b0\u1ee3c s\u1eed d\u1ee5ng t\u1ed1i \u01b0u.<\/p>\n<ul>\n<li>X\u00e1c \u0111\u1ecbnh nh\u1eefng nhi\u1ec7m v\u1ee5 n\u00e0o l\u00e0 quan tr\u1ecdng \u0111\u1ed1i v\u1edbi c\u00e1c m\u1ee5c ti\u00eau kinh doanh l\u1edbn h\u01a1n c\u1ee7a b\u1ea1n<\/li>\n<li>N\u00e2ng cao hi\u1ec7u qu\u1ea3<\/li>\n<li>H\u1ee3p l\u00fd h\u00f3a giao ti\u1ebfp gi\u1eefa m\u1ecdi ng\u01b0\u1eddi \/ ch\u1ee9c n\u0103ng \/ ph\u00f2ng ban<\/li>\n<li>Thi\u1ebft l\u1eadp c\u00e1c ph\u00ea duy\u1ec7t \u0111\u1ec3 \u0111\u1ea3m b\u1ea3o tr\u00e1ch nhi\u1ec7m gi\u1ea3i tr\u00ecnh v\u00e0 s\u1eed d\u1ee5ng t\u1ed1i \u01b0u c\u00e1c ngu\u1ed3n l\u1ef1c<\/li>\n<li>Ng\u0103n ch\u1eb7n s\u1ef1 h\u1ed7n lo\u1ea1n len l\u1ecfi v\u00e0o c\u00e1c ho\u1ea1t \u0111\u1ed9ng h\u00e0ng ng\u00e0y c\u1ee7a b\u1ea1n<\/li>\n<li>Chu\u1ea9n h\u00f3a m\u1ed9t b\u1ed9 quy tr\u00ecnh \u0111\u1ec3 ho\u00e0n th\u00e0nh c\u00e1c nhi\u1ec7m v\u1ee5 th\u1ef1c s\u1ef1 quan tr\u1ecdng \u0111\u1ed1i v\u1edbi doanh nghi\u1ec7p c\u1ee7a b\u1ea1n<\/li>\n<\/ul>\n\t\t\t\t\t\t<\/div>\n\t\t\t\t<\/div>\n\t\t\t\t\t<\/div>\n\t\t<\/div>\n\t\t\t\t<div class=\"elementor-column elementor-col-50 elementor-top-column elementor-element elementor-element-24c0061 ot-flex-column-vertical\" data-id=\"24c0061\" data-element_type=\"column\">\n\t\t\t<div class=\"elementor-widget-wrap elementor-element-populated\">\n\t\t\t\t\t\t\t\t<div class=\"elementor-element elementor-element-b52ba0d elementor-widget elementor-widget-image\" data-id=\"b52ba0d\" data-element_type=\"widget\" data-widget_type=\"image.default\">\n\t\t\t\t<div class=\"elementor-widget-container\">\n\t\t\t\t\t\t\t\t\t\t\t\t<figure class=\"wp-caption\">\n\t\t\t\t\t\t\t\t\t\t\t<a href=\"https:\/\/comestek.com\/\">\n\t\t\t\t\t\t\t<img width=\"473\" height=\"442\" src=\"https:\/\/comestek.com\/wp-content\/uploads\/2021\/08\/Huw_John_consultancy_image.png\" class=\"attachment-full size-full\" alt=\"\" srcset=\"https:\/\/comestek.com\/wp-content\/uploads\/2021\/08\/Huw_John_consultancy_image.png 473w, https:\/\/comestek.com\/wp-content\/uploads\/2021\/08\/Huw_John_consultancy_image-300x280.png 300w\" sizes=\"(max-width: 473px) 100vw, 473px\" \/>\t\t\t\t\t\t\t\t<\/a>\n\t\t\t\t\t\t\t\t\t\t\t<figcaption class=\"widget-image-caption wp-caption-text\"><\/figcaption>\n\t\t\t\t\t\t\t\t\t\t<\/figure>\n\t\t\t\t\t\t\t\t\t<\/div>\n\t\t\t\t<\/div>\n\t\t\t\t<div class=\"elementor-element elementor-element-673d8d9 elementor-widget elementor-widget-iheading\" data-id=\"673d8d9\" data-element_type=\"widget\" data-widget_type=\"iheading.default\">\n\t\t\t\t<div class=\"elementor-widget-container\">\n\t\t\t\t\t<div class=\"ot-heading center-align wrap__text_stroke\">\r\n\t\t\t\r\n\t\t\t\t\r\n\r\n\t         \r\n\r\n\t        \t        \t<h2 class=\"main-heading\">T\u1ea7m nh\u00ecn v\u00e0 Chi\u1ebfn l\u01b0\u1ee3c<\/h2>\r\n\t        \t    <\/div>\r\n\t    \t\t<\/div>\n\t\t\t\t<\/div>\n\t\t\t\t<div class=\"elementor-element elementor-element-6710043 elementor-widget elementor-widget-text-editor\" data-id=\"6710043\" data-element_type=\"widget\" data-widget_type=\"text-editor.default\">\n\t\t\t\t<div class=\"elementor-widget-container\">\n\t\t\t\t\t\t\t<ul>\n<li>C\u00f4ng ty c\u1ee7a b\u1ea1n c\u00f3 m\u1ed9t \u0111\u1ed1ng h\u1ed3 s\u01a1 gi\u1ea5y t\u1edd t\u1ed3n \u0111\u1ecdng v\u00e0 v\u00f4 s\u1ed1 t\u00e0i li\u1ec7u v\u00e0 b\u00e1o c\u00e1o \u0111\u01b0\u1ee3c n\u1ed9p tr\u00ean gi\u1ea5y t\u1edd?<\/li>\n<li>B\u1ea1n c\u00f3 g\u1eb7p kh\u00f3 kh\u0103n trong vi\u1ec7c t\u00ecm ki\u1ebfm c\u00e1c t\u00e0i li\u1ec7u li\u00ean quan, th\u1eadm ch\u00ed c\u1ea3 t\u00e0i li\u1ec7u k\u1ef9 thu\u1eadt s\u1ed1 v\u00e0 th\u01b0\u1eddng kh\u00f4ng bi\u1ebft phi\u00ean b\u1ea3n n\u00e0o \u0111\u00e3 c\u1eadp nh\u1eadt<\/li>\n<li>B\u1ea1n ho\u1eb7c nh\u00e2n vi\u00ean c\u1ee7a b\u1ea1n c\u00f3 l\u00e3ng ph\u00ed nhi\u1ec1u th\u1eddi gian \u0111\u1ec3 l\u00e0m nh\u1eefng c\u00f4ng vi\u1ec7c l\u1eb7p \u0111i l\u1eb7p l\u1ea1i v\u00e0 qu\u00e1 quan li\u00eau kh\u00f4ng<\/li>\n<li>C\u00f4ng ty c\u1ee7a b\u1ea1n c\u00f3 nhi\u1ec1u h\u1ec7 th\u1ed1ng kh\u00f4ng giao ti\u1ebfp v\u1edbi nhau?<\/li>\n<li>Nh\u00e2n vi\u00ean trong c\u00f4ng ty c\u1ee7a b\u1ea1n c\u00f3 c\u1ea3m th\u1ea5y kh\u00f3 kh\u0103n khi trao \u0111\u1ed5i th\u00f4ng tin v\u00e0 l\u00e0m vi\u1ec7c h\u1ee3p t\u00e1c kh\u00f4ng?<\/li>\n<li>B\u1ea1n c\u00f3 g\u1eb7p kh\u00f3 kh\u0103n trong vi\u1ec7c truy c\u1eadp d\u1eef li\u1ec7u, h\u1ed3 s\u01a1, th\u1ed1ng k\u00ea v\u00e0 l\u1ecbch s\u1eed c\u1ee7a c\u00f4ng ty b\u1ea1n kh\u00f4ng?<\/li>\n<li>Khi b\u1ea1n t\u00ecm th\u1ea5y m\u1ed9t s\u1ed1 d\u1eef li\u1ec7u v\u00e0 th\u00f4ng tin n\u00e0y, kh\u00f4ng ph\u1ea3i l\u00fac n\u00e0o b\u1ea1n c\u0169ng tin t\u01b0\u1edfng v\u00e0o n\u00f3?<\/li>\n<li>Kh\u00e1ch h\u00e0ng c\u1ee7a b\u1ea1n c\u00f3 ph\u00e0n n\u00e0n v\u1ec1 nh\u1eefng sai s\u00f3t, s\u1ef1 ch\u1eadm tr\u1ec5, l\u1ed7i v\u00e0 th\u1eadm ch\u00ed c\u1ea3 h\u1eadu m\u00e3i v\u00e0 h\u1ed7 tr\u1ee3 kh\u00f4ng?<\/li>\n<\/ul>\n\t\t\t\t\t\t<\/div>\n\t\t\t\t<\/div>\n\t\t\t\t\t<\/div>\n\t\t<\/div>\n\t\t\t\t\t\t\t<\/div>\n\t\t<\/section>\n\t\t\t\t<section class=\"elementor-section elementor-top-section elementor-element elementor-element-0400064 elementor-section-content-middle elementor-section-boxed elementor-section-height-default elementor-section-height-default\" data-id=\"0400064\" data-element_type=\"section\" data-settings=\"{&quot;background_background&quot;:&quot;slideshow&quot;,&quot;background_slideshow_gallery&quot;:[{&quot;id&quot;:2477,&quot;url&quot;:&quot;https:\\\/\\\/comestek.com\\\/wp-content\\\/uploads\\\/2020\\\/02\\\/bg-process-home7.png&quot;}],&quot;background_slideshow_loop&quot;:&quot;yes&quot;,&quot;background_slideshow_slide_duration&quot;:5000,&quot;background_slideshow_slide_transition&quot;:&quot;fade&quot;,&quot;background_slideshow_transition_duration&quot;:500}\">\n\t\t\t\t\t\t<div class=\"elementor-container elementor-column-gap-extended\">\n\t\t\t\t\t<div class=\"elementor-column elementor-col-50 elementor-top-column elementor-element elementor-element-6175314 ot-flex-column-vertical\" data-id=\"6175314\" data-element_type=\"column\">\n\t\t\t<div class=\"elementor-widget-wrap elementor-element-populated\">\n\t\t\t\t\t\t\t\t<div class=\"elementor-element elementor-element-49a9d06 elementor-widget elementor-widget-iheading\" data-id=\"49a9d06\" data-element_type=\"widget\" data-widget_type=\"iheading.default\">\n\t\t\t\t<div class=\"elementor-widget-container\">\n\t\t\t\t\t<div class=\"ot-heading center-align\">\r\n\t\t\t\r\n\t\t\t\t\r\n\r\n\t         \r\n\r\n\t        \t        \t<h2 class=\"main-heading\">Quy tr\u00ecnh t\u01b0 v\u1ea5n<\/h2>\r\n\t        \t    <\/div>\r\n\t    \t\t<\/div>\n\t\t\t\t<\/div>\n\t\t\t\t<div class=\"elementor-element elementor-element-354229e elementor-widget elementor-widget-text-editor\" data-id=\"354229e\" data-element_type=\"widget\" data-widget_type=\"text-editor.default\">\n\t\t\t\t<div class=\"elementor-widget-container\">\n\t\t\t\t\t\t\t<p>V\u1edbi kinh nghi\u1ec7m nhi\u1ec1u n\u0103m tri\u1ec3n khai v\u00e0 qu\u1ea3n l\u00fd c\u00e1c d\u1ef1 \u00e1n ERP, <a href=\"https:\/\/comestek.com\/\"><strong>ComesTek<\/strong><\/a> s\u1ebd h\u1ed7 tr\u1ee3 doanh nghi\u1ec7p x\u00e2y d\u1ef1ng c\u00e1c quy tr\u00ecnh qu\u1ea3n l\u00fd n\u1ed9i b\u1ed9 nh\u1eb1m \u0111\u1ea3m b\u1ea3o ho\u1ea1t \u0111\u1ed9ng c\u1ee7a c\u00f4ng ty \u0111\u01b0\u1ee3c th\u00f4ng su\u1ed1t, hi\u1ec7u qu\u1ea3. \u0110\u1ecbnh h\u01b0\u1edbng chi\u1ebfn l\u01b0\u1ee3c \u0111\u00fang \u0111\u1eafn c\u1ee7a ban l\u00e3nh \u0111\u1ea1o<\/p><p><i class=\"flaticon-check\"><\/i>\u00a0 L\u00e0m r\u00f5 vai tr\u00f2, tr\u00e1ch nhi\u1ec7m c\u1ee7a t\u1eebng c\u1ea5p, t\u1eebng v\u1ecb tr\u00ed<\/p><p><i class=\"flaticon-check\"><\/i>\u00a0 \u0110\u1ea3m b\u1ea3o t\u00ednh minh b\u1ea1ch, hi\u1ec7u qu\u1ea3 trong qu\u1ea3n l\u00fd<\/p><p><i class=\"flaticon-check\"><\/i>\u00a0 Hi\u1ec3u quy tr\u00ecnh thi\u1ebft k\u1ebf l\u1ea1i<\/p><p><i class=\"flaticon-check\"><\/i>\u00a0 S\u1eed d\u1ee5ng v\u00e0 ph\u00e1t tri\u1ec3n hi\u1ec7u qu\u1ea3 c\u00e1c ngu\u1ed3n l\u1ef1c<\/p><p><i class=\"flaticon-check\"><\/i>\u00a0 H\u1ee3p l\u00fd h\u00f3a quy tr\u00ecnh l\u00e0m vi\u1ec7c, b\u1ea3o m\u1eadt th\u00f4ng tin v\u00e0 tr\u00e1nh tr\u00f9ng l\u1eb7p c\u00f4ng vi\u1ec7c gi\u1eefa c\u00e1c ph\u00f2ng ban<\/p><p><i class=\"flaticon-check\"><\/i>\u00a0 X\u00e1c \u0111\u1ecbnh c\u00e1c ph\u01b0\u01a1ng th\u1ee9c, ph\u01b0\u01a1ng th\u1ee9c l\u00e0m vi\u1ec7c v\u00e0 qu\u1ea3n l\u00fd<\/p>\t\t\t\t\t\t<\/div>\n\t\t\t\t<\/div>\n\t\t\t\t\t<\/div>\n\t\t<\/div>\n\t\t\t\t<div class=\"elementor-column elementor-col-50 elementor-top-column elementor-element elementor-element-47db07c ot-flex-column-vertical\" data-id=\"47db07c\" data-element_type=\"column\">\n\t\t\t<div class=\"elementor-widget-wrap elementor-element-populated\">\n\t\t\t\t\t\t\t\t<div class=\"elementor-element elementor-element-3e671d3 elementor-widget elementor-widget-image\" data-id=\"3e671d3\" data-element_type=\"widget\" data-widget_type=\"image.default\">\n\t\t\t\t<div class=\"elementor-widget-container\">\n\t\t\t\t\t\t\t\t\t\t\t\t<figure class=\"wp-caption\">\n\t\t\t\t\t\t\t\t\t\t\t<a href=\"https:\/\/comestek.com\/\">\n\t\t\t\t\t\t\t<img width=\"683\" height=\"691\" src=\"https:\/\/comestek.com\/wp-content\/uploads\/2021\/08\/D1azmyvXQAInGy4.jpg\" class=\"attachment-onum-portfolio-thumbnail-left-top size-onum-portfolio-thumbnail-left-top\" alt=\"\" srcset=\"https:\/\/comestek.com\/wp-content\/uploads\/2021\/08\/D1azmyvXQAInGy4.jpg 683w, https:\/\/comestek.com\/wp-content\/uploads\/2021\/08\/D1azmyvXQAInGy4-297x300.jpg 297w\" sizes=\"(max-width: 683px) 100vw, 683px\" \/>\t\t\t\t\t\t\t\t<\/a>\n\t\t\t\t\t\t\t\t\t\t\t<figcaption class=\"widget-image-caption wp-caption-text\"><\/figcaption>\n\t\t\t\t\t\t\t\t\t\t<\/figure>\n\t\t\t\t\t\t\t\t\t<\/div>\n\t\t\t\t<\/div>\n\t\t\t\t\t<\/div>\n\t\t<\/div>\n\t\t\t\t\t\t\t<\/div>\n\t\t<\/section>\n\t\t\t\t\t\t<\/div>\n\t\t\t\t\t<\/div>\n\t\t","protected":false},"excerpt":{"rendered":"<p>T\u1ea7m quan tr\u1ecdng c\u1ee7a c\u00e1cquy tr\u00ecnh kinh doanh S\u1ef1 c\u1ea7n thi\u1ebft v\u00e0 l\u1ee3i th\u1ebf c\u1ee7a m\u1ed9t quy tr\u00ecnh kinh doanh l\u00e0 kh\u00e1 r\u00f5 r\u00e0ng trong c\u00e1c t\u1ed5 ch\u1ee9c l\u1edbn. Quy tr\u00ecnh t\u1ea1o th\u00e0nh huy\u1ebft m\u1ea1ch cho b\u1ea5t k\u1ef3 doanh nghi\u1ec7p n\u00e0o v\u00e0 gi\u00fap h\u1ee3p l\u00fd h\u00f3a c\u00e1c ho\u1ea1t \u0111\u1ed9ng ri\u00eang l\u1ebb, \u0111\u1ea3m b\u1ea3o r\u1eb1ng c\u00e1c [&hellip;]<\/p>\n","protected":false},"author":1,"featured_media":0,"parent":0,"menu_order":0,"comment_status":"closed","ping_status":"closed","template":"","meta":[],"yoast_head":"<!-- This site is optimized with the Yoast SEO plugin v18.1 - https:\/\/yoast.com\/wordpress\/plugins\/seo\/ -->\n<title>T\u01b0 v\u1ea5n - ComesTek Solution<\/title>\n<meta name=\"robots\" content=\"index, follow, max-snippet:-1, max-image-preview:large, max-video-preview:-1\" \/>\n<link rel=\"canonical\" href=\"https:\/\/comestek.com\/vi\/consulting-service\/\" \/>\n<meta property=\"og:locale\" content=\"vi_VN\" \/>\n<meta property=\"og:type\" content=\"article\" \/>\n<meta property=\"og:title\" content=\"T\u01b0 v\u1ea5n - ComesTek Solution\" \/>\n<meta property=\"og:description\" content=\"T\u1ea7m quan tr\u1ecdng c\u1ee7a c\u00e1cquy tr\u00ecnh kinh doanh S\u1ef1 c\u1ea7n thi\u1ebft v\u00e0 l\u1ee3i th\u1ebf c\u1ee7a m\u1ed9t quy tr\u00ecnh kinh doanh l\u00e0 kh\u00e1 r\u00f5 r\u00e0ng trong c\u00e1c t\u1ed5 ch\u1ee9c l\u1edbn. Quy tr\u00ecnh t\u1ea1o th\u00e0nh huy\u1ebft m\u1ea1ch cho b\u1ea5t k\u1ef3 doanh nghi\u1ec7p n\u00e0o v\u00e0 gi\u00fap h\u1ee3p l\u00fd h\u00f3a c\u00e1c ho\u1ea1t \u0111\u1ed9ng ri\u00eang l\u1ebb, \u0111\u1ea3m b\u1ea3o r\u1eb1ng c\u00e1c [&hellip;]\" \/>\n<meta property=\"og:url\" content=\"https:\/\/comestek.com\/vi\/consulting-service\/\" \/>\n<meta property=\"og:site_name\" content=\"ComesTek Solution\" \/>\n<meta property=\"article:modified_time\" content=\"2022-02-11T07:54:51+00:00\" \/>\n<meta property=\"og:image\" content=\"https:\/\/comestek.com\/wp-content\/uploads\/2021\/08\/biz-process.jpg\" \/>\n<meta name=\"twitter:card\" content=\"summary_large_image\" \/>\n<meta name=\"twitter:label1\" content=\"Est. reading time\" \/>\n\t<meta name=\"twitter:data1\" content=\"3 minutes\" \/>\n<script type=\"application\/ld+json\" class=\"yoast-schema-graph\">{\"@context\":\"https:\/\/schema.org\",\"@graph\":[{\"@type\":\"Organization\",\"@id\":\"https:\/\/comestek.com\/#organization\",\"name\":\"ComesTek Solution\",\"url\":\"https:\/\/comestek.com\/\",\"sameAs\":[],\"logo\":{\"@type\":\"ImageObject\",\"@id\":\"https:\/\/comestek.com\/#logo\",\"inLanguage\":\"vi-VN\",\"url\":\"https:\/\/comestek.com\/wp-content\/uploads\/2021\/09\/cropped-COMESTEK_LOGO-03.png\",\"contentUrl\":\"https:\/\/comestek.com\/wp-content\/uploads\/2021\/09\/cropped-COMESTEK_LOGO-03.png\",\"width\":512,\"height\":512,\"caption\":\"ComesTek Solution\"},\"image\":{\"@id\":\"https:\/\/comestek.com\/#logo\"}},{\"@type\":\"WebSite\",\"@id\":\"https:\/\/comestek.com\/#website\",\"url\":\"https:\/\/comestek.com\/\",\"name\":\"ComesTek Solution\",\"description\":\"Connect &amp; Companion\",\"publisher\":{\"@id\":\"https:\/\/comestek.com\/#organization\"},\"potentialAction\":[{\"@type\":\"SearchAction\",\"target\":{\"@type\":\"EntryPoint\",\"urlTemplate\":\"https:\/\/comestek.com\/?s={search_term_string}\"},\"query-input\":\"required name=search_term_string\"}],\"inLanguage\":\"vi-VN\"},{\"@type\":\"ImageObject\",\"@id\":\"https:\/\/comestek.com\/vi\/consulting-service\/#primaryimage\",\"inLanguage\":\"vi-VN\",\"url\":\"https:\/\/comestek.com\/wp-content\/uploads\/2021\/08\/biz-process.jpg\",\"contentUrl\":\"https:\/\/comestek.com\/wp-content\/uploads\/2021\/08\/biz-process.jpg\",\"width\":1000,\"height\":715},{\"@type\":\"WebPage\",\"@id\":\"https:\/\/comestek.com\/vi\/consulting-service\/#webpage\",\"url\":\"https:\/\/comestek.com\/vi\/consulting-service\/\",\"name\":\"T\u01b0 v\u1ea5n - ComesTek Solution\",\"isPartOf\":{\"@id\":\"https:\/\/comestek.com\/#website\"},\"primaryImageOfPage\":{\"@id\":\"https:\/\/comestek.com\/vi\/consulting-service\/#primaryimage\"},\"datePublished\":\"2019-11-04T09:26:33+00:00\",\"dateModified\":\"2022-02-11T07:54:51+00:00\",\"breadcrumb\":{\"@id\":\"https:\/\/comestek.com\/vi\/consulting-service\/#breadcrumb\"},\"inLanguage\":\"vi-VN\",\"potentialAction\":[{\"@type\":\"ReadAction\",\"target\":[\"https:\/\/comestek.com\/vi\/consulting-service\/\"]}]},{\"@type\":\"BreadcrumbList\",\"@id\":\"https:\/\/comestek.com\/vi\/consulting-service\/#breadcrumb\",\"itemListElement\":[{\"@type\":\"ListItem\",\"position\":1,\"name\":\"Home\",\"item\":\"https:\/\/comestek.com\/vi\/\"},{\"@type\":\"ListItem\",\"position\":2,\"name\":\"T\u01b0 v\u1ea5n\"}]}]}<\/script>\n<!-- \/ Yoast SEO plugin. -->","yoast_head_json":{"title":"T\u01b0 v\u1ea5n - ComesTek Solution","robots":{"index":"index","follow":"follow","max-snippet":"max-snippet:-1","max-image-preview":"max-image-preview:large","max-video-preview":"max-video-preview:-1"},"canonical":"https:\/\/comestek.com\/vi\/consulting-service\/","og_locale":"vi_VN","og_type":"article","og_title":"T\u01b0 v\u1ea5n - ComesTek Solution","og_description":"T\u1ea7m quan tr\u1ecdng c\u1ee7a c\u00e1cquy tr\u00ecnh kinh doanh S\u1ef1 c\u1ea7n thi\u1ebft v\u00e0 l\u1ee3i th\u1ebf c\u1ee7a m\u1ed9t quy tr\u00ecnh kinh doanh l\u00e0 kh\u00e1 r\u00f5 r\u00e0ng trong c\u00e1c t\u1ed5 ch\u1ee9c l\u1edbn. Quy tr\u00ecnh t\u1ea1o th\u00e0nh huy\u1ebft m\u1ea1ch cho b\u1ea5t k\u1ef3 doanh nghi\u1ec7p n\u00e0o v\u00e0 gi\u00fap h\u1ee3p l\u00fd h\u00f3a c\u00e1c ho\u1ea1t \u0111\u1ed9ng ri\u00eang l\u1ebb, \u0111\u1ea3m b\u1ea3o r\u1eb1ng c\u00e1c [&hellip;]","og_url":"https:\/\/comestek.com\/vi\/consulting-service\/","og_site_name":"ComesTek Solution","article_modified_time":"2022-02-11T07:54:51+00:00","og_image":[{"url":"https:\/\/comestek.com\/wp-content\/uploads\/2021\/08\/biz-process.jpg"}],"twitter_card":"summary_large_image","twitter_misc":{"Est. reading time":"3 minutes"},"schema":{"@context":"https:\/\/schema.org","@graph":[{"@type":"Organization","@id":"https:\/\/comestek.com\/#organization","name":"ComesTek Solution","url":"https:\/\/comestek.com\/","sameAs":[],"logo":{"@type":"ImageObject","@id":"https:\/\/comestek.com\/#logo","inLanguage":"vi-VN","url":"https:\/\/comestek.com\/wp-content\/uploads\/2021\/09\/cropped-COMESTEK_LOGO-03.png","contentUrl":"https:\/\/comestek.com\/wp-content\/uploads\/2021\/09\/cropped-COMESTEK_LOGO-03.png","width":512,"height":512,"caption":"ComesTek Solution"},"image":{"@id":"https:\/\/comestek.com\/#logo"}},{"@type":"WebSite","@id":"https:\/\/comestek.com\/#website","url":"https:\/\/comestek.com\/","name":"ComesTek Solution","description":"Connect &amp; Companion","publisher":{"@id":"https:\/\/comestek.com\/#organization"},"potentialAction":[{"@type":"SearchAction","target":{"@type":"EntryPoint","urlTemplate":"https:\/\/comestek.com\/?s={search_term_string}"},"query-input":"required name=search_term_string"}],"inLanguage":"vi-VN"},{"@type":"ImageObject","@id":"https:\/\/comestek.com\/vi\/consulting-service\/#primaryimage","inLanguage":"vi-VN","url":"https:\/\/comestek.com\/wp-content\/uploads\/2021\/08\/biz-process.jpg","contentUrl":"https:\/\/comestek.com\/wp-content\/uploads\/2021\/08\/biz-process.jpg","width":1000,"height":715},{"@type":"WebPage","@id":"https:\/\/comestek.com\/vi\/consulting-service\/#webpage","url":"https:\/\/comestek.com\/vi\/consulting-service\/","name":"T\u01b0 v\u1ea5n - ComesTek Solution","isPartOf":{"@id":"https:\/\/comestek.com\/#website"},"primaryImageOfPage":{"@id":"https:\/\/comestek.com\/vi\/consulting-service\/#primaryimage"},"datePublished":"2019-11-04T09:26:33+00:00","dateModified":"2022-02-11T07:54:51+00:00","breadcrumb":{"@id":"https:\/\/comestek.com\/vi\/consulting-service\/#breadcrumb"},"inLanguage":"vi-VN","potentialAction":[{"@type":"ReadAction","target":["https:\/\/comestek.com\/vi\/consulting-service\/"]}]},{"@type":"BreadcrumbList","@id":"https:\/\/comestek.com\/vi\/consulting-service\/#breadcrumb","itemListElement":[{"@type":"ListItem","position":1,"name":"Home","item":"https:\/\/comestek.com\/vi\/"},{"@type":"ListItem","position":2,"name":"T\u01b0 v\u1ea5n"}]}]}},"_links":{"self":[{"href":"https:\/\/comestek.com\/vi\/wp-json\/wp\/v2\/pages\/6395"}],"collection":[{"href":"https:\/\/comestek.com\/vi\/wp-json\/wp\/v2\/pages"}],"about":[{"href":"https:\/\/comestek.com\/vi\/wp-json\/wp\/v2\/types\/page"}],"author":[{"embeddable":true,"href":"https:\/\/comestek.com\/vi\/wp-json\/wp\/v2\/users\/1"}],"replies":[{"embeddable":true,"href":"https:\/\/comestek.com\/vi\/wp-json\/wp\/v2\/comments?post=6395"}],"version-history":[{"count":3,"href":"https:\/\/comestek.com\/vi\/wp-json\/wp\/v2\/pages\/6395\/revisions"}],"predecessor-version":[{"id":7505,"href":"https:\/\/comestek.com\/vi\/wp-json\/wp\/v2\/pages\/6395\/revisions\/7505"}],"wp:attachment":[{"href":"https:\/\/comestek.com\/vi\/wp-json\/wp\/v2\/media?parent=6395"}],"curies":[{"name":"wp","href":"https:\/\/api.w.org\/{rel}","templated":true}]}}